{"id":46,"date":"2023-09-03T15:06:32","date_gmt":"2023-09-03T13:06:32","guid":{"rendered":"https:\/\/termspe.flashphys.fr\/?page_id=46"},"modified":"2025-04-27T13:07:21","modified_gmt":"2025-04-27T11:07:21","slug":"page-63cf9941a127c-html","status":"publish","type":"page","link":"https:\/\/termspe.flashphys.fr\/?page_id=46","title":{"rendered":"REVISIONS  PREPA BAC : 5 semaines pour tout revoir"},"content":{"rendered":"\n<h1 class=\"wp-block-heading\"><strong>Ordonnance : faire 4 sujets par semaine pendant 5 semaines<\/strong><\/h1>\n\n\n\n<p>TOUJOURS commencer par revoir\/r\u00e9apprendre la fiche de m\u00e9morisation AVANT de faire les sujets<\/p>\n\n\n\n<p class=\"has-large-font-size\"><strong>SEMAINE 1<\/strong><\/p>\n\n\n\n<h2 class=\"wp-block-heading\">Sujet 1 :&nbsp;<\/h2>\n\n\n\n<p>Physique :&nbsp;<em>mouvement dans un champ de pesanteur uniforme, lois de Newton, langage Python<\/em><\/p>\n\n\n\n<p><a href=\"http:\/\/termspe.flashphys.fr\/wp-content\/uploads\/2023\/09\/e07c05a6b6db4979643883134323d194.pdf\">BottleFlip.pdf<\/a><\/p>\n\n\n\n<p><a href=\"http:\/\/termspe.flashphys.fr\/wp-content\/uploads\/2023\/09\/5080d497b0cc6f91aac7e4afd71a66ec.doc\">correction BottleFlip-MvtChpPesanteur-5pts.doc<\/a><\/p>\n\n\n\n<p>Chimie : <em>titrage pH m\u00e9trique, absorbance<\/em><\/p>\n\n\n\n<p><a href=\"http:\/\/termspe.flashphys.fr\/wp-content\/uploads\/2023\/09\/316c4efb2ccd2b1998603500fda08ff4.pdf\">pomelo.pdf<\/a><\/p>\n\n\n\n<p><a href=\"http:\/\/termspe.flashphys.fr\/wp-content\/uploads\/2023\/09\/b71dc109566dc81c388862349171c3a6.docx\">correction pomelo.docx<\/a><\/p>\n\n\n\n<h2 class=\"wp-block-heading\">Sujet 2 <strong>:<\/strong><\/h2>\n\n\n\n<p>Physique :&nbsp;<em>niveau d\u2019intensit\u00e9 sonore ; interf\u00e9rences destructives ; interfrange.<\/em><\/p>\n\n\n\n<p><a href=\"http:\/\/termspe.flashphys.fr\/wp-content\/uploads\/2023\/09\/f915934424add943bbb6cdaddb178cbb.pdf\">st\u00e9r\u00e9ophonie.pdf<\/a><\/p>\n\n\n\n<p><a href=\"http:\/\/termspe.flashphys.fr\/wp-content\/uploads\/2023\/09\/cf632fd26293359f4d073cf489ff441f.docx\">st\u00e9r\u00e9ophonie correction.docx<\/a><\/p>\n\n\n\n<p>Chimie :<em>Sch\u00e9ma de Lewis, r\u00e9actions acido-basiques, diagramme de distribution, Python, titrage pH-m\u00e9trique, choix indicateur color\u00e9.<\/em><\/p>\n\n\n\n<p><a href=\"http:\/\/termspe.flashphys.fr\/wp-content\/uploads\/2023\/09\/f76e5847602136a2b6ec17ef414bcb8d.pdf\">SelOseille.pdf<\/a><\/p>\n\n\n\n<p><a href=\"http:\/\/termspe.flashphys.fr\/wp-content\/uploads\/2023\/09\/4125dbb0d1ae8309aa856ce77a6fa459.docx\">correction sel d&#8217;oseille.docx<\/a><\/p>\n\n\n\n<p class=\"has-large-font-size\">SEMAINE 2<\/p>\n\n\n\n<h2 class=\"wp-block-heading\">Sujet 1 <\/h2>\n\n\n\n<p>Physique : <em>charge du circuit RC<\/em><\/p>\n\n\n\n<p><a href=\"http:\/\/termspe.flashphys.fr\/wp-content\/uploads\/2023\/09\/3a9cd64f2463b635673a3d36e2112bca.pdf\">rc capacitif.pdf<\/a><\/p>\n\n\n\n<p><a href=\"http:\/\/termspe.flashphys.fr\/wp-content\/uploads\/2023\/09\/b851b9da47b5253ebcf69a865cdd2a42.docx\">correction rc capacitif.docx<\/a><\/p>\n\n\n\n<p>Chimie :&nbsp;<em>Dosage par \u00e9talonnage, Loi de Beer Lambert, Cin\u00e9tique chimique.<\/em><\/p>\n\n\n\n<p><a href=\"http:\/\/termspe.flashphys.fr\/wp-content\/uploads\/2023\/09\/acb80112b52d978005ccc5fd0c58ea3a.pdf\">encre.pdf<\/a><\/p>\n\n\n\n<p><a href=\"http:\/\/termspe.flashphys.fr\/wp-content\/uploads\/2023\/09\/6403e5abd53ec3787db18f4359a62be3.doc\">encre effaceur correction.doc<\/a><\/p>\n\n\n\n<h2 class=\"wp-block-heading\">Sujet 2 : (sujet dur)<\/h2>\n\n\n\n<p>Physique :&nbsp;<em>gaz parfait, pouss\u00e9e Archim\u00e8de, Principe d&#8217;inertie, Transferts thermiques.<\/em><\/p>\n\n\n\n<p><a href=\"http:\/\/termspe.flashphys.fr\/wp-content\/uploads\/2023\/09\/d4f5bc352fb5ab6a3c27f5187f934c9f.pdf\">mongolfiere.pdf<\/a><\/p>\n\n\n\n<p><a href=\"http:\/\/termspe.flashphys.fr\/wp-content\/uploads\/2023\/09\/5465d049a20f133bfefdc74edad8c0f3.docx\">correction Mongolfiere.docx<\/a><\/p>\n\n\n\n<p>Chimie : synth\u00e8se organique, rendement, pKa, taux d&#8217;avancement, extraction par solvant, ester, spectro IR<\/p>\n\n\n\n<div class=\"wp-block-file\"><a id=\"wp-block-file--media-53029ddf-abd7-425b-a7a6-08db6703fdc4\" href=\"https:\/\/termspe.flashphys.fr\/wp-content\/uploads\/2024\/05\/2023-Reunion-J2-Exo2-Sujet-Acide-Butyrique-5pts.pdf\">2023-Reunion-J2-Exo2-Sujet-Acide-Butyrique-5pts<\/a><\/div>\n\n\n\n<div class=\"wp-block-file\"><a id=\"wp-block-file--media-646980c1-384e-4ef2-9c14-39323df438a9\" href=\"https:\/\/termspe.flashphys.fr\/wp-content\/uploads\/2024\/05\/2023-Reunion-J2-Exo2-Correction-AcideButyrique-5pts.pdf\">2023-Reunion-J2-Exo2-Correction-AcideButyrique-5pts<\/a><\/div>\n\n\n\n<p class=\"has-large-font-size\"><strong>SEMAINE 3<\/strong><\/p>\n\n\n\n<h2 class=\"wp-block-heading\">Sujet 1 :<\/h2>\n\n\n\n<p>Physique : <em>mouvement dans le champ \u00e9lectrique, acc\u00e9l\u00e9rateur de particules<\/em><\/p>\n\n\n\n<p><a href=\"http:\/\/termspe.flashphys.fr\/wp-content\/uploads\/2023\/09\/0bc40ff43584263f847fad27417bc4ee.pdf\">acceler linac2.pdf<\/a><\/p>\n\n\n\n<p><a href=\"http:\/\/termspe.flashphys.fr\/wp-content\/uploads\/2023\/09\/9fd0f3a9cb63e61e50af11df226110b5.docx\">acc\u00e9l\u00e9rateur.docx<\/a><\/p>\n\n\n\n<p>Chimie : <em>acide-base, titrage spectro, spectrom\u00e9trie infra-rouge<\/em><\/p>\n\n\n\n<p><a href=\"http:\/\/termspe.flashphys.fr\/wp-content\/uploads\/2023\/09\/4101fd8927ba7aefe998943578d08e37.pdf\">anti acarien.pdf<\/a><\/p>\n\n\n\n<p><a href=\"http:\/\/termspe.flashphys.fr\/wp-content\/uploads\/2023\/09\/0a4e7d4f11f6c8985dbcd0373bd8cf6c.doc\">anti acarien correction.doc<\/a><\/p>\n\n\n\n<h2 class=\"wp-block-heading\">Sujet 2 : <\/h2>\n\n\n\n<p>physique : thermodynamique + lunette astro<\/p>\n\n\n\n<div class=\"wp-block-file\"><a id=\"wp-block-file--media-f9fe0721-6ccb-42ca-a56e-002e08d18549\" href=\"https:\/\/termspe.flashphys.fr\/wp-content\/uploads\/2024\/05\/2021-09-Metro-ExoA-Sujet-LunetteThermo-5pts.pdf\">2021-09-Metro-ExoA-Sujet-LunetteThermo-5pts<\/a><\/div>\n\n\n\n<div class=\"wp-block-file\"><a id=\"wp-block-file--media-4caae698-fc77-4f3f-9299-a433a35eb7a9\" href=\"https:\/\/termspe.flashphys.fr\/wp-content\/uploads\/2024\/05\/correction-LunetteThermo.docx\">correction-LunetteThermo<\/a><\/div>\n\n\n\n<p>Chimie :<em>Transformation acide-base, dosage par titrage conductim\u00e9trique, synth\u00e8se organique, dosage par \u00e9talonnage, loi de Beer-Lambert<\/em><\/p>\n\n\n\n<p><a href=\"http:\/\/termspe.flashphys.fr\/wp-content\/uploads\/2023\/09\/e5db57aaf4f1d4baf185cdd9fde5b3cf.pdf\">aquarium.pdf<\/a><\/p>\n\n\n\n<p><a href=\"http:\/\/termspe.flashphys.fr\/wp-content\/uploads\/2023\/09\/8075c5131cf4cd2273f6d5c983c18656.docx\">aquarium correction.docx<\/a><\/p>\n\n\n\n<h2 class=\"wp-block-heading has-large-font-size\"><strong>SEMAINE 4<\/strong><\/h2>\n\n\n\n<h2 class=\"wp-block-heading\">Sujet 1 : (sujet long)<\/h2>\n\n\n\n<p>Physique :&nbsp;<em>2\u00e8me loi de Newton ; champ de gravitation ; capacit\u00e9 d\u2019un condensateur; niveau d&#8217;intensit\u00e9 sonore<\/em><\/p>\n\n\n\n<p><a href=\"http:\/\/termspe.flashphys.fr\/wp-content\/uploads\/2023\/09\/dae87a73062eed34dd0ab4eca9b3bb52.pdf\">gerbe paille.pdf<\/a><\/p>\n\n\n\n<p><a href=\"http:\/\/termspe.flashphys.fr\/wp-content\/uploads\/2023\/09\/219feebeece15230d9fc74904141b574.doc\">correction lancer gerbe paille.doc<\/a><\/p>\n\n\n\n<p>Chimie : synth\u00e8se, polym\u00e8re, spectro IR, cin\u00e9tique chimique<\/p>\n\n\n\n<div class=\"wp-block-file\"><a id=\"wp-block-file--media-7c035bb5-5bdd-45d7-a683-db91844ad097\" href=\"https:\/\/termspe.flashphys.fr\/wp-content\/uploads\/2024\/05\/2022-NelleCaledo-J2-Exo1-Sujet-Bisphenol-10pts.pdf\">2022-NelleCaledo-J2-Exo1-Sujet-Bisphenol-10pts<\/a><\/div>\n\n\n\n<div class=\"wp-block-file\"><a id=\"wp-block-file--media-6aed1d9c-6d53-43ae-b24e-7bfc08c08b7f\" href=\"https:\/\/termspe.flashphys.fr\/wp-content\/uploads\/2024\/05\/correction-polycarbonate-bisphenol.docx\">correction-polycarbonate-bisphenol<\/a><\/div>\n\n\n\n<h2 class=\"wp-block-heading\">Sujet 2 : <\/h2>\n\n\n\n<p>Physique : radioactivit\u00e9<\/p>\n\n\n\n<div class=\"wp-block-file\"><a id=\"wp-block-file--media-d7902393-d6cf-4a21-9e06-c12a5bd0c799\" href=\"https:\/\/termspe.flashphys.fr\/wp-content\/uploads\/2024\/05\/2011-03-NelleCaledo-Exo2-Sujet-Americium-5-5points.pdf\">2011-03-NelleCaledo-Exo2-Sujet-Americium-5-5points<\/a><\/div>\n\n\n\n<div class=\"wp-block-file\"><a id=\"wp-block-file--media-e09d3970-5429-4526-9576-671c6146cb2c\" href=\"https:\/\/termspe.flashphys.fr\/wp-content\/uploads\/2024\/05\/2011-03-NelleCaledo-Exo2-Correction-Americium-5-5points.pdf\">2011-03-NelleCaledo-Exo2-Correction-Americium-5-5points<\/a><\/div>\n\n\n\n<p>Chimie :&nbsp;<em>Groupes caract\u00e9ristiques, topologique, acide-base, Ka, pH, synth\u00e8se organique, chauffage \u00e0 reflux, extraction liquide-liquide, distillation, optimiser le rendement ou la vitesse, spectroscopie IR, polym\u00e8re, cin\u00e9tique, temps de demi-r\u00e9action, vitesse de disparition, loi de vitesse d&#8217;ordre 1<\/em><\/p>\n\n\n\n<p><a href=\"http:\/\/termspe.flashphys.fr\/wp-content\/uploads\/2023\/09\/87dd6aa64fe0811c8bab0e472f395ea6.pdf\">plexiglas.pdf<\/a><\/p>\n\n\n\n<p><a href=\"http:\/\/termspe.flashphys.fr\/wp-content\/uploads\/2023\/09\/cedcd47b541d4b3e7e33831fac59920d.docx\">plexiglas correction.docx<\/a><\/p>\n\n\n\n<p class=\"has-large-font-size\"><strong>SEMAINE 5<\/strong><\/p>\n\n\n\n<h2 class=\"wp-block-heading\" style=\"font-size:23px\">Sujet 1 :<\/h2>\n\n\n\n<p>Physique : diffraction<\/p>\n\n\n\n<p><a href=\"http:\/\/termspe.flashphys.fr\/wp-content\/uploads\/2023\/09\/68a351572aefd52fd19dcd9a72bf9adc.pdf\">fil suture.pdf<\/a><\/p>\n\n\n\n<p><a href=\"http:\/\/termspe.flashphys.fr\/wp-content\/uploads\/2023\/09\/f6c9bc7d38c1368c42990931a2a40612.docx\">correction fil suture.docx<\/a><\/p>\n\n\n\n<p>Chimie :&nbsp;<em>gaz parfait ; titrage conductim\u00e9trique ; titre massique d\u2019une solution<\/em><\/p>\n\n\n\n<p><a href=\"http:\/\/termspe.flashphys.fr\/wp-content\/uploads\/2023\/09\/98d634597d833566ed98804000de7997.pdf\">decapage alu.pdf<\/a><\/p>\n\n\n\n<p><a href=\"http:\/\/termspe.flashphys.fr\/wp-content\/uploads\/2023\/09\/2e0d4e92b8d7233f20c1f5813e8d9940.docx\">correction decapagne piece alu.docx<\/a><\/p>\n\n\n\n<p class=\"has-medium-font-size\"><strong>Sujet 2<\/strong> :<\/p>\n\n\n\n<p>Physique :&nbsp;<em>Satellites, Lunette astronomique<\/em><\/p>\n\n\n\n<div class=\"wp-block-file\"><a id=\"wp-block-file--media-902bf478-7df6-4754-b84b-73038370ea38\" href=\"https:\/\/termspe.flashphys.fr\/wp-content\/uploads\/2024\/05\/2022-CentresEtrangers2-J1-ExoA-Sujet-SatelliteStarlink-Lunette-5pts.pdf\">2022-CentresEtrangers2-J1-ExoA-Sujet-SatelliteStarlink-Lunette-5pts<\/a><\/div>\n\n\n\n<div class=\"wp-block-file\"><a id=\"wp-block-file--media-e5130dc2-d6e5-41e0-8da4-b69c8e3b7c6d\" href=\"https:\/\/termspe.flashphys.fr\/wp-content\/uploads\/2024\/05\/corrige-observation-sat-lunette.docx\">corrige-observation-sat-lunette<\/a><\/div>\n\n\n\n<p>Chimie : pile et electrolyse<\/p>\n\n\n\n<div class=\"wp-block-file\"><a id=\"wp-block-file--media-4657117c-678d-4bad-ba54-465d6bf47a10\" href=\"https:\/\/termspe.flashphys.fr\/wp-content\/uploads\/2024\/05\/2008-11-AmSud-Exo1-Sujet-PilesFace-6-5pts.pdf\">2008-11-AmSud-Exo1-Sujet-PilesFace-6-5pts<\/a><\/div>\n\n\n\n<div class=\"wp-block-file\"><a id=\"wp-block-file--media-9c6d9e04-e484-4d7e-bef4-cbc925175dfd\" href=\"https:\/\/termspe.flashphys.fr\/wp-content\/uploads\/2024\/05\/2008-11-AmSud-Exo1-Correction-PilesFace-6-5pts.pdf\">2008-11-AmSud-Exo1-Correction-PilesFace-6-5pts<\/a><\/div>\n\n\n\n<p class=\"has-large-font-size\">BONUS :<\/p>\n\n\n\n<p><a href=\"http:\/\/termspe.flashphys.fr\/wp-content\/uploads\/2023\/09\/60fa298640a421c3d40f3cb68c235c2f.pdf\">SolarProbe.pdf<\/a><\/p>\n\n\n\n<p><a href=\"http:\/\/termspe.flashphys.fr\/wp-content\/uploads\/2023\/09\/cc33e60f31bac4b1027d0d79ab94e6e5.docx\">correction parker solar probe.docx<\/a><\/p>\n\n\n\n<p>Il manque la m\u00e9canique des fluides (surtout Bernoulli) mais il n&#8217;exista aucun sujet de ce type. A vous de revoir les exos faits en classe !<\/p>\n","protected":false},"excerpt":{"rendered":"<p>Ordonnance : faire 4 sujets par semaine pendant 5 semaines TOUJOURS commencer par revoir\/r\u00e9apprendre la fiche de m\u00e9morisation AVANT de faire les sujets SEMAINE 1 Sujet 1 :&nbsp; Physique :&nbsp;mouvement dans un champ de pesanteur uniforme, lois de Newton, langage Python BottleFlip.pdf correction BottleFlip-MvtChpPesanteur-5pts.doc Chimie : titrage pH m\u00e9trique, absorbance pomelo.pdf correction pomelo.docx Sujet 2&hellip;<\/p>\n","protected":false},"author":1,"featured_media":0,"parent":0,"menu_order":0,"comment_status":"closed","ping_status":"closed","template":"","meta":{"footnotes":""},"class_list":["post-46","page","type-page","status-publish","hentry"],"_links":{"self":[{"href":"https:\/\/termspe.flashphys.fr\/index.php?rest_route=\/wp\/v2\/pages\/46","targetHints":{"allow":["GET"]}}],"collection":[{"href":"https:\/\/termspe.flashphys.fr\/index.php?rest_route=\/wp\/v2\/pages"}],"about":[{"href":"https:\/\/termspe.flashphys.fr\/index.php?rest_route=\/wp\/v2\/types\/page"}],"author":[{"embeddable":true,"href":"https:\/\/termspe.flashphys.fr\/index.php?rest_route=\/wp\/v2\/users\/1"}],"replies":[{"embeddable":true,"href":"https:\/\/termspe.flashphys.fr\/index.php?rest_route=%2Fwp%2Fv2%2Fcomments&post=46"}],"version-history":[{"count":10,"href":"https:\/\/termspe.flashphys.fr\/index.php?rest_route=\/wp\/v2\/pages\/46\/revisions"}],"predecessor-version":[{"id":764,"href":"https:\/\/termspe.flashphys.fr\/index.php?rest_route=\/wp\/v2\/pages\/46\/revisions\/764"}],"wp:attachment":[{"href":"https:\/\/termspe.flashphys.fr\/index.php?rest_route=%2Fwp%2Fv2%2Fmedia&parent=46"}],"curies":[{"name":"wp","href":"https:\/\/api.w.org\/{rel}","templated":true}]}}