{"id":45,"date":"2023-09-03T15:06:31","date_gmt":"2023-09-03T13:06:31","guid":{"rendered":"https:\/\/termspe.flashphys.fr\/?page_id=45"},"modified":"2025-12-07T14:52:33","modified_gmt":"2025-12-07T13:52:33","slug":"page-6339a6f35c040-html","status":"publish","type":"page","link":"https:\/\/termspe.flashphys.fr\/?page_id=45","title":{"rendered":"CORRECTION DS"},"content":{"rendered":"\n<h1 class=\"wp-block-heading\">DS 1 : acide\/base, spectres IR, nomenclature organique, conductivit\u00e9, absorbance<\/h1>\n\n\n\n<div class=\"wp-block-file\"><a id=\"wp-block-file--media-579fc45b-0329-4151-9fee-4c4a6763ca09\" href=\"https:\/\/termspe.flashphys.fr\/wp-content\/uploads\/2023\/10\/ds-1-2023-correction-1.pdf\">ds-1-2023-correction-1<\/a><a href=\"https:\/\/termspe.flashphys.fr\/wp-content\/uploads\/2023\/10\/ds-1-2023-correction-1.pdf\" class=\"wp-block-file__button wp-element-button\" download aria-describedby=\"wp-block-file--media-579fc45b-0329-4151-9fee-4c4a6763ca09\">T\u00e9l\u00e9charger<\/a><\/div>\n\n\n\n<p>J&#8217;analyse mes erreurs pour progresser <\/p>\n\n\n\n<div class=\"wp-block-file\"><a id=\"wp-block-file--media-1804e49b-483d-4513-941a-2e2922b39fbf\" href=\"https:\/\/termspe.flashphys.fr\/wp-content\/uploads\/2023\/10\/ANALYSER-SES-ERREURS.docx\">ANALYSER-SES-ERREURS<\/a><a href=\"https:\/\/termspe.flashphys.fr\/wp-content\/uploads\/2023\/10\/ANALYSER-SES-ERREURS.docx\" class=\"wp-block-file__button wp-element-button\" download aria-describedby=\"wp-block-file--media-1804e49b-483d-4513-941a-2e2922b39fbf\">T\u00e9l\u00e9charger<\/a><\/div>\n\n\n\n<p class=\"has-large-font-size\"><strong>DS 2 : dosages par \u00e9talonnage ou titrage (conductim\u00e9trique ou pH-m\u00e9trique)<\/strong><\/p>\n\n\n\n<div class=\"wp-block-file\"><a id=\"wp-block-file--media-ca0e5656-af68-49ef-9447-d5e77c5103a2\" href=\"https:\/\/termspe.flashphys.fr\/wp-content\/uploads\/2025\/11\/2025-Metro-J2-Exo2-CorrectionEauQuinton-4pts_1-1.pdf\">2025-Metro-J2-Exo2-CorrectionEauQuinton-4pts_1-1<\/a><a href=\"https:\/\/termspe.flashphys.fr\/wp-content\/uploads\/2025\/11\/2025-Metro-J2-Exo2-CorrectionEauQuinton-4pts_1-1.pdf\" class=\"wp-block-file__button wp-element-button\" download aria-describedby=\"wp-block-file--media-ca0e5656-af68-49ef-9447-d5e77c5103a2\">T\u00e9l\u00e9charger<\/a><\/div>\n\n\n\n<p class=\"has-large-font-size\"><strong>DS 3 : 2\u00e8me loi de Newton (projections)<\/strong><\/p>\n\n\n\n<div class=\"wp-block-file\"><a id=\"wp-block-file--media-d6675e7c-11f8-42da-88da-0b7fbf40ceeb\" href=\"https:\/\/termspe.flashphys.fr\/wp-content\/uploads\/2025\/11\/ds-2025corrige-term-spe-chap4-et-5-curling-adapte.pdf\">ds 2025corrig\u00e9  term spe chap4 et 5 curling (adapt\u00e9)<\/a><a href=\"https:\/\/termspe.flashphys.fr\/wp-content\/uploads\/2025\/11\/ds-2025corrige-term-spe-chap4-et-5-curling-adapte.pdf\" class=\"wp-block-file__button wp-element-button\" download aria-describedby=\"wp-block-file--media-d6675e7c-11f8-42da-88da-0b7fbf40ceeb\">T\u00e9l\u00e9charger<\/a><\/div>\n\n\n\n<p class=\"has-large-font-size\"><strong>BAC BLANC <\/strong>d\u00e9cembre 2025<\/p>\n\n\n\n<div data-wp-interactive=\"core\/file\" class=\"wp-block-file\"><object data-wp-bind--hidden=\"!state.hasPdfPreview\" hidden class=\"wp-block-file__embed\" data=\"https:\/\/termspe.flashphys.fr\/wp-content\/uploads\/2025\/12\/correction-bac-blanc-decembre-2025.pdf\" type=\"application\/pdf\" style=\"width:100%;height:600px\" aria-label=\"Embed of correction bac blanc decembre 2025.\"><\/object><a id=\"wp-block-file--media-235eba57-802b-4b93-8a00-2149cbd970e7\" href=\"https:\/\/termspe.flashphys.fr\/wp-content\/uploads\/2025\/12\/correction-bac-blanc-decembre-2025.pdf\">correction bac blanc decembre 2025<\/a><a href=\"https:\/\/termspe.flashphys.fr\/wp-content\/uploads\/2025\/12\/correction-bac-blanc-decembre-2025.pdf\" class=\"wp-block-file__button wp-element-button\" download aria-describedby=\"wp-block-file--media-235eba57-802b-4b93-8a00-2149cbd970e7\">T\u00e9l\u00e9charger<\/a><\/div>\n","protected":false},"excerpt":{"rendered":"<p>DS 1 : acide\/base, spectres IR, nomenclature organique, conductivit\u00e9, absorbance J&#8217;analyse mes erreurs pour progresser DS 2 : dosages par \u00e9talonnage ou titrage (conductim\u00e9trique ou pH-m\u00e9trique) DS 3 : 2\u00e8me loi de Newton (projections) BAC BLANC d\u00e9cembre 2025<\/p>\n","protected":false},"author":1,"featured_media":0,"parent":0,"menu_order":0,"comment_status":"closed","ping_status":"closed","template":"","meta":{"footnotes":""},"class_list":["post-45","page","type-page","status-publish","hentry"],"_links":{"self":[{"href":"https:\/\/termspe.flashphys.fr\/index.php?rest_route=\/wp\/v2\/pages\/45","targetHints":{"allow":["GET"]}}],"collection":[{"href":"https:\/\/termspe.flashphys.fr\/index.php?rest_route=\/wp\/v2\/pages"}],"about":[{"href":"https:\/\/termspe.flashphys.fr\/index.php?rest_route=\/wp\/v2\/types\/page"}],"author":[{"embeddable":true,"href":"https:\/\/termspe.flashphys.fr\/index.php?rest_route=\/wp\/v2\/users\/1"}],"replies":[{"embeddable":true,"href":"https:\/\/termspe.flashphys.fr\/index.php?rest_route=%2Fwp%2Fv2%2Fcomments&post=45"}],"version-history":[{"count":13,"href":"https:\/\/termspe.flashphys.fr\/index.php?rest_route=\/wp\/v2\/pages\/45\/revisions"}],"predecessor-version":[{"id":813,"href":"https:\/\/termspe.flashphys.fr\/index.php?rest_route=\/wp\/v2\/pages\/45\/revisions\/813"}],"wp:attachment":[{"href":"https:\/\/termspe.flashphys.fr\/index.php?rest_route=%2Fwp%2Fv2%2Fmedia&parent=45"}],"curies":[{"name":"wp","href":"https:\/\/api.w.org\/{rel}","templated":true}]}}