{"id":42,"date":"2023-09-03T15:06:29","date_gmt":"2023-09-03T13:06:29","guid":{"rendered":"https:\/\/termspe.flashphys.fr\/?page_id=42"},"modified":"2024-11-22T08:45:47","modified_gmt":"2024-11-22T07:45:47","slug":"page-631492d65025b-html","status":"publish","type":"page","link":"https:\/\/termspe.flashphys.fr\/?page_id=42","title":{"rendered":"Chap 6 : mouvement dans un champ uniforme"},"content":{"rendered":"\n<h1 class=\"wp-block-heading\">Cours complet<\/h1>\n\n\n\n<p><a href=\"http:\/\/termspe.flashphys.fr\/wp-content\/uploads\/2023\/09\/b6f0f19b0c399cfaa135f6bbac69d69c.pdf\">Chapitre 6. mouvement champ uniforme.pdf<\/a><\/p>\n\n\n\n<p><a href=\"http:\/\/termspe.flashphys.fr\/wp-content\/uploads\/2023\/09\/65a36334dccb360f11c66a9a0bdf426b.pdf\">Chapitre 6. mouvement champ uniforme.pdf<\/a><\/p>\n\n\n\n<p><iframe src=\"\/\/www.youtube.com\/embed\/8s5PQ243N3k?wmode=transparent\"><\/iframe><\/p>\n\n\n\n<h2 class=\"wp-block-heading\">Cours rapide<\/h2>\n\n\n\n<p><iframe src=\"\/\/www.youtube.com\/embed\/Sn54j_G7TFE?wmode=transparent\"><\/iframe><iframe src=\"\/\/www.youtube.com\/embed\/UG2tW2MVMUo?wmode=transparent\"><\/iframe><\/p>\n\n\n\n<p style=\"font-size:31px\">Fiche de m\u00e9morisation active :<\/p>\n\n\n\n<div class=\"wp-block-file\"><a id=\"wp-block-file--media-37fc1996-594d-4494-8916-2da4d6c25d60\" href=\"https:\/\/termspe.flashphys.fr\/wp-content\/uploads\/2023\/12\/corrige-fiche-memo-chap-6-1.pdf\">corrige-fiche-memo-chap-6-1<\/a><a href=\"https:\/\/termspe.flashphys.fr\/wp-content\/uploads\/2023\/12\/corrige-fiche-memo-chap-6-1.pdf\" class=\"wp-block-file__button wp-element-button\" download aria-describedby=\"wp-block-file--media-37fc1996-594d-4494-8916-2da4d6c25d60\">T\u00e9l\u00e9charger<\/a><\/div>\n\n\n\n<h2 class=\"wp-block-heading\"><span>TP : \u00e9tude d&#8217;un lancer au basket (r\u00e9gressi)<\/span><\/h2>\n\n\n\n<div class=\"wp-block-file\"><a id=\"wp-block-file--media-1ebcb2c5-e3d1-40a4-b0c6-253dfa400cb4\" href=\"https:\/\/termspe.flashphys.fr\/wp-content\/uploads\/2023\/11\/tp-mouvement-basket-parabolique-eleves-avec-courbes.docx\">tp-mouvement-basket-parabolique-eleves-avec-courbes<\/a><a href=\"https:\/\/termspe.flashphys.fr\/wp-content\/uploads\/2023\/11\/tp-mouvement-basket-parabolique-eleves-avec-courbes.docx\" class=\"wp-block-file__button wp-element-button\" download aria-describedby=\"wp-block-file--media-1ebcb2c5-e3d1-40a4-b0c6-253dfa400cb4\">T\u00e9l\u00e9charger<\/a><\/div>\n\n\n\n<p>Correction du TP :<\/p>\n\n\n\n<p><a href=\"http:\/\/termspe.flashphys.fr\/wp-content\/uploads\/2023\/09\/3ed94d6a01677663b18d989b66c18484.pdf\">tp correction basket parabolique.pdf<\/a><\/p>\n\n\n\n<div class=\"wp-block-file\"><a id=\"wp-block-file--media-d7446c7a-202e-408f-87f1-e47bb46aff3a\" href=\"https:\/\/termspe.flashphys.fr\/wp-content\/uploads\/2023\/11\/Panier-a-10000.avi\">Panier-a-10000<\/a><a href=\"https:\/\/termspe.flashphys.fr\/wp-content\/uploads\/2023\/11\/Panier-a-10000.avi\" class=\"wp-block-file__button wp-element-button\" download aria-describedby=\"wp-block-file--media-d7446c7a-202e-408f-87f1-e47bb46aff3a\">T\u00e9l\u00e9charger<\/a><\/div>\n\n\n\n<p><\/p>\n\n\n\n<h2 class=\"wp-block-heading\"><span>TP : la chute libre, \u00e9tude \u00e9nerg\u00e9tique (R\u00e9gressi + python)<\/span><\/h2>\n\n\n\n<div class=\"wp-block-file\"><a id=\"wp-block-file--media-8c06b2ca-1086-4a30-81d3-ac55d9af7126\" href=\"https:\/\/termspe.flashphys.fr\/wp-content\/uploads\/2023\/11\/TP-chute-libre-eleves2023.docx\">TP-chute-libre-eleves2023<\/a><a href=\"https:\/\/termspe.flashphys.fr\/wp-content\/uploads\/2023\/11\/TP-chute-libre-eleves2023.docx\" class=\"wp-block-file__button wp-element-button\" download aria-describedby=\"wp-block-file--media-8c06b2ca-1086-4a30-81d3-ac55d9af7126\">T\u00e9l\u00e9charger<\/a><\/div>\n\n\n\n<p>correction du TP :<\/p>\n\n\n\n<p><a href=\"http:\/\/termspe.flashphys.fr\/wp-content\/uploads\/2023\/09\/df496a9a52bbf2c9a8bf039c219fcbb4.docx\">TP chute libre prof.docx<\/a><\/p>\n\n\n\n<p>Vid\u00e9o \u00e0 t\u00e9l\u00e9charger :<\/p>\n\n\n\n<div class=\"wp-block-file\"><a id=\"wp-block-file--media-5c325a24-8275-4406-bd5b-16997234145d\" href=\"https:\/\/termspe.flashphys.fr\/wp-content\/uploads\/2023\/11\/Golf.avi.avi\">Golf.avi<\/a><a href=\"https:\/\/termspe.flashphys.fr\/wp-content\/uploads\/2023\/11\/Golf.avi.avi\" class=\"wp-block-file__button wp-element-button\" download aria-describedby=\"wp-block-file--media-5c325a24-8275-4406-bd5b-16997234145d\">T\u00e9l\u00e9charger<\/a><\/div>\n\n\n\n<div class=\"wp-block-file\"><a id=\"wp-block-file--media-b1266bc1-736f-4308-944d-ae4eb6e6c96e\" href=\"https:\/\/termspe.flashphys.fr\/wp-content\/uploads\/2023\/11\/polystyrene.avi.avi\">polystyrene.avi<\/a><a href=\"https:\/\/termspe.flashphys.fr\/wp-content\/uploads\/2023\/11\/polystyrene.avi.avi\" class=\"wp-block-file__button wp-element-button\" download aria-describedby=\"wp-block-file--media-b1266bc1-736f-4308-944d-ae4eb6e6c96e\">T\u00e9l\u00e9charger<\/a><\/div>\n\n\n\n<p>Fichier CSV (si probl\u00e8me avec le pointage)<\/p>\n\n\n\n<div class=\"wp-block-file\"><a id=\"wp-block-file--media-1ea3518f-fbb2-40e3-bd61-3f2a033a103e\" href=\"https:\/\/termspe.flashphys.fr\/wp-content\/uploads\/2024\/11\/golf.csv\">golf<\/a><a href=\"https:\/\/termspe.flashphys.fr\/wp-content\/uploads\/2024\/11\/golf.csv\" class=\"wp-block-file__button wp-element-button\" download aria-describedby=\"wp-block-file--media-1ea3518f-fbb2-40e3-bd61-3f2a033a103e\">T\u00e9l\u00e9charger<\/a><\/div>\n\n\n\n<div class=\"wp-block-file\"><a id=\"wp-block-file--media-b0fa3928-2f68-409b-b72c-8a2d64bb546b\" href=\"https:\/\/termspe.flashphys.fr\/wp-content\/uploads\/2024\/11\/poly.csv\">poly<\/a><a href=\"https:\/\/termspe.flashphys.fr\/wp-content\/uploads\/2024\/11\/poly.csv\" class=\"wp-block-file__button wp-element-button\" download aria-describedby=\"wp-block-file--media-b0fa3928-2f68-409b-b72c-8a2d64bb546b\">T\u00e9l\u00e9charger<\/a><\/div>\n\n\n\n<h2 class=\"wp-block-heading\"><span>Exercice<\/span>s<\/h2>\n\n\n\n<p><a href=\"http:\/\/termspe.flashphys.fr\/wp-content\/uploads\/2023\/09\/631aff26a7c1e2300eedf58988e2413f.docx\">Exercices champ pesanteur.docx<\/a><\/p>\n\n\n\n<p><a href=\"http:\/\/termspe.flashphys.fr\/wp-content\/uploads\/2023\/09\/59ce41f513425c8d61ce1f9fd89704c2.docx\">correction exo champ.docx<\/a><\/p>\n\n\n\n<div class=\"wp-block-file\"><a id=\"wp-block-file--media-ff9fe6ec-11ce-4190-b9c0-c66d77c8d917\" href=\"https:\/\/termspe.flashphys.fr\/wp-content\/uploads\/2023\/12\/exos-champ-E-et-energie.docx\">exos-champ-E-et-energie<\/a><a href=\"https:\/\/termspe.flashphys.fr\/wp-content\/uploads\/2023\/12\/exos-champ-E-et-energie.docx\" class=\"wp-block-file__button wp-element-button\" download aria-describedby=\"wp-block-file--media-ff9fe6ec-11ce-4190-b9c0-c66d77c8d917\">T\u00e9l\u00e9charger<\/a><\/div>\n\n\n\n<p><a href=\"http:\/\/termspe.flashphys.fr\/wp-content\/uploads\/2023\/09\/713fdf929158388b49e324eb45f617b1.docx\">exo champ electrique 2022.docx<\/a><\/p>\n\n\n\n<p><a href=\"http:\/\/termspe.flashphys.fr\/wp-content\/uploads\/2023\/09\/d77293f893791d8bd326dc4c5c51cf43.docx\">exo champ electrique 2022 correction.docx<\/a><\/p>\n\n\n\n<p><iframe src=\"\/\/www.youtube.com\/embed\/QtRFEfWPnO8?wmode=transparent\"><\/iframe><\/p>\n\n\n\n<h2 class=\"wp-block-heading\"><span>Soutien : correction de l&#8217;exercice fait en soutien<\/span><\/h2>\n\n\n\n<p><a href=\"http:\/\/termspe.flashphys.fr\/wp-content\/uploads\/2023\/09\/f8943f1aa99cd3744ab5aeb969e718eb.pdf\">exo soutien mvt volley.pdf<\/a><\/p>\n\n\n\n<h2 class=\"wp-block-heading\"><span>R\u00e9solution de probl\u00e8me : le lob au tennis<\/span><\/h2>\n\n\n\n<p><a href=\"http:\/\/termspe.flashphys.fr\/wp-content\/uploads\/2023\/09\/b5f2ce23c635da4637e3e61dcbb4b475.pdf\">rdp lob tennis.pdf<\/a><\/p>\n\n\n\n<p><iframe src=\"\/\/www.youtube.com\/embed\/kx4k88Bjpn0?wmode=transparent\"><\/iframe><\/p>\n\n\n\n<h2 class=\"wp-block-heading\">R\u00e9sum\u00e9&nbsp;<\/h2>\n\n\n\n<p><a href=\"http:\/\/termspe.flashphys.fr\/wp-content\/uploads\/2023\/09\/460cf977f1e90cda9ce06fc06b2ae219.pdf\">r\u00e9sum\u00e9 chap 6 champ.pdf<\/a><\/p>\n","protected":false},"excerpt":{"rendered":"<p>Cours complet Chapitre 6. mouvement champ uniforme.pdf Chapitre 6. mouvement champ uniforme.pdf Cours rapide Fiche de m\u00e9morisation active : TP : \u00e9tude d&#8217;un lancer au basket (r\u00e9gressi) Correction du TP : tp correction basket parabolique.pdf TP : la chute libre, \u00e9tude \u00e9nerg\u00e9tique (R\u00e9gressi + python) correction du TP : TP chute libre prof.docx Vid\u00e9o \u00e0&hellip;<\/p>\n","protected":false},"author":1,"featured_media":0,"parent":0,"menu_order":0,"comment_status":"closed","ping_status":"closed","template":"","meta":{"footnotes":""},"class_list":["post-42","page","type-page","status-publish","hentry"],"_links":{"self":[{"href":"https:\/\/termspe.flashphys.fr\/index.php?rest_route=\/wp\/v2\/pages\/42","targetHints":{"allow":["GET"]}}],"collection":[{"href":"https:\/\/termspe.flashphys.fr\/index.php?rest_route=\/wp\/v2\/pages"}],"about":[{"href":"https:\/\/termspe.flashphys.fr\/index.php?rest_route=\/wp\/v2\/types\/page"}],"author":[{"embeddable":true,"href":"https:\/\/termspe.flashphys.fr\/index.php?rest_route=\/wp\/v2\/users\/1"}],"replies":[{"embeddable":true,"href":"https:\/\/termspe.flashphys.fr\/index.php?rest_route=%2Fwp%2Fv2%2Fcomments&post=42"}],"version-history":[{"count":10,"href":"https:\/\/termspe.flashphys.fr\/index.php?rest_route=\/wp\/v2\/pages\/42\/revisions"}],"predecessor-version":[{"id":792,"href":"https:\/\/termspe.flashphys.fr\/index.php?rest_route=\/wp\/v2\/pages\/42\/revisions\/792"}],"wp:attachment":[{"href":"https:\/\/termspe.flashphys.fr\/index.php?rest_route=%2Fwp%2Fv2%2Fmedia&parent=42"}],"curies":[{"name":"wp","href":"https:\/\/api.w.org\/{rel}","templated":true}]}}