{"id":41,"date":"2023-09-03T15:06:29","date_gmt":"2023-09-03T13:06:29","guid":{"rendered":"https:\/\/termspe.flashphys.fr\/?page_id=41"},"modified":"2023-11-30T21:28:38","modified_gmt":"2023-11-30T20:28:38","slug":"page-6314f0b57edd0-html","status":"publish","type":"page","link":"https:\/\/termspe.flashphys.fr\/?page_id=41","title":{"rendered":"R\u00e9vision 1\u00e8re : \u00e9nergie m\u00e9canique"},"content":{"rendered":"\n<p><a href=\"http:\/\/termspe.flashphys.fr\/wp-content\/uploads\/2023\/09\/43972c10c8630d20fc46f58fce4e9471.docx\" target=\"_blank\" rel=\"noreferrer noopener\">cours \u00e9nergie m\u00e9ca revision2021.docx<\/a><\/p>\n\n\n\n<p><a href=\"http:\/\/termspe.flashphys.fr\/wp-content\/uploads\/2023\/09\/646cdf1712b7c8466f4f8d89650f6f1b.docx\" target=\"_blank\" rel=\"noreferrer noopener\">exo d energie meca.docx<\/a><\/p>\n\n\n\n<p><a href=\"http:\/\/termspe.flashphys.fr\/wp-content\/uploads\/2023\/09\/26e9cf985f83593c890485e0d9b57dee.docx\" target=\"_blank\" rel=\"noreferrer noopener\">exo nrj meca correction.docx<\/a><\/p>\n\n\n\n<p><a href=\"http:\/\/termspe.flashphys.fr\/wp-content\/uploads\/2023\/09\/66175dd33d9c0bd48c0e34b34594bf36.docx\" target=\"_blank\" rel=\"noreferrer noopener\">exo nrj meca correction.docx<\/a><\/p>\n","protected":false},"excerpt":{"rendered":"<p>cours \u00e9nergie m\u00e9ca revision2021.docx exo d energie meca.docx exo nrj meca correction.docx exo nrj meca correction.docx<\/p>\n","protected":false},"author":1,"featured_media":0,"parent":0,"menu_order":0,"comment_status":"closed","ping_status":"closed","template":"","meta":{"footnotes":""},"class_list":["post-41","page","type-page","status-publish","hentry"],"_links":{"self":[{"href":"https:\/\/termspe.flashphys.fr\/index.php?rest_route=\/wp\/v2\/pages\/41","targetHints":{"allow":["GET"]}}],"collection":[{"href":"https:\/\/termspe.flashphys.fr\/index.php?rest_route=\/wp\/v2\/pages"}],"about":[{"href":"https:\/\/termspe.flashphys.fr\/index.php?rest_route=\/wp\/v2\/types\/page"}],"author":[{"embeddable":true,"href":"https:\/\/termspe.flashphys.fr\/index.php?rest_route=\/wp\/v2\/users\/1"}],"replies":[{"embeddable":true,"href":"https:\/\/termspe.flashphys.fr\/index.php?rest_route=%2Fwp%2Fv2%2Fcomments&post=41"}],"version-history":[{"count":2,"href":"https:\/\/termspe.flashphys.fr\/index.php?rest_route=\/wp\/v2\/pages\/41\/revisions"}],"predecessor-version":[{"id":496,"href":"https:\/\/termspe.flashphys.fr\/index.php?rest_route=\/wp\/v2\/pages\/41\/revisions\/496"}],"wp:attachment":[{"href":"https:\/\/termspe.flashphys.fr\/index.php?rest_route=%2Fwp%2Fv2%2Fmedia&parent=41"}],"curies":[{"name":"wp","href":"https:\/\/api.w.org\/{rel}","templated":true}]}}