{"id":38,"date":"2023-09-03T15:06:29","date_gmt":"2023-09-03T13:06:29","guid":{"rendered":"https:\/\/termspe.flashphys.fr\/?page_id=38"},"modified":"2024-10-06T12:38:04","modified_gmt":"2024-10-06T10:38:04","slug":"page-6314931f752df-html","status":"publish","type":"page","link":"https:\/\/termspe.flashphys.fr\/?page_id=38","title":{"rendered":"Chap 3 : dosage par titrage"},"content":{"rendered":"\n<h1 class=\"wp-block-heading\"><span>Feuille de route<\/span><\/h1>\n\n\n\n<p><a href=\"http:\/\/termspe.flashphys.fr\/wp-content\/uploads\/2023\/09\/959a3f3aa86f072cdee3d95f39ce62fe.docx\">feuille routechap 3 term.docx<\/a><\/p>\n\n\n\n<p><iframe src=\"\/\/www.youtube.com\/embed\/4cuimd-9KY4?wmode=transparent\"><\/iframe><\/p>\n\n\n\n<h2 class=\"wp-block-heading\">Cours complet<\/h2>\n\n\n\n<div class=\"wp-block-file\"><a id=\"wp-block-file--media-465b25f1-be86-41a6-8a42-b8f2f140017f\" href=\"https:\/\/termspe.flashphys.fr\/wp-content\/uploads\/2023\/09\/Chapitre-3-cours-titrage-eleves.docx\">Chapitre-3-cours-titrage-eleves<\/a><\/div>\n\n\n\n<p><a href=\"http:\/\/termspe.flashphys.fr\/wp-content\/uploads\/2023\/09\/864f14d0d02302fa2265fcffc5ba50b7.pdf\">Chapitre 3 cours titrage correction.pdf<\/a><\/p>\n\n\n\n<h2 class=\"wp-block-heading\">Cours rapide<\/h2>\n\n\n\n<p><iframe src=\"\/\/www.youtube.com\/embed\/BYVOSN_PsNs?wmode=transparent\"><\/iframe><iframe src=\"\/\/www.youtube.com\/embed\/tQEcwELAYXA?wmode=transparent\"><\/iframe><\/p>\n\n\n\n<p><strong>Fiche de m\u00e9morisation<\/strong><\/p>\n\n\n\n<div class=\"wp-block-file\"><a id=\"wp-block-file--media-a3fd2d01-3ae7-493d-9626-aa7a7b5bd2ea\" href=\"https:\/\/termspe.flashphys.fr\/wp-content\/uploads\/2023\/09\/Questionnaire-Chapitre-3.docx\">Questionnaire-Chapitre-3<\/a><\/div>\n\n\n\n<div class=\"wp-block-file\"><a id=\"wp-block-file--media-ad301ca4-c8e1-41dc-a86e-6811fdbf124e\" href=\"https:\/\/termspe.flashphys.fr\/wp-content\/uploads\/2023\/10\/correction-fiche-memo-3.docx\">correction-fiche-memo-3<\/a><\/div>\n\n\n\n<h2 class=\"wp-block-heading\">R\u00e9sum\u00e9 du chapitre<\/h2>\n\n\n\n<p><a href=\"http:\/\/termspe.flashphys.fr\/wp-content\/uploads\/2023\/09\/ec8c57b619d208b4b778e779d9fa0f9b.pdf\">3 r\u00e9sum\u00e9.pdf<\/a><\/p>\n\n\n\n<h2 class=\"wp-block-heading\"><span>Exercices<\/span><\/h2>\n\n\n\n<p>Types Bac<\/p>\n\n\n\n<div class=\"wp-block-file\"><a id=\"wp-block-file--media-20440230-1682-42a4-a183-e93ecb90c213\" href=\"https:\/\/termspe.flashphys.fr\/wp-content\/uploads\/2024\/09\/compli-exo-bac-chap.pdf\">compli exo bac chap<\/a><\/div>\n\n\n\n<div class=\"wp-block-file\"><a id=\"wp-block-file--media-2739a5d3-235b-40ef-9b3a-8e06267e88f2\" href=\"https:\/\/termspe.flashphys.fr\/wp-content\/uploads\/2024\/10\/correction-compil-exo-type-bac.pdf\">correction compil exo type bac<\/a><\/div>\n\n\n\n<p>Autres exos du livre Hatier<\/p>\n\n\n\n<div class=\"wp-block-file\"><a id=\"wp-block-file--media-85c4b623-3d8f-4202-a027-db5f784f49db\" href=\"https:\/\/termspe.flashphys.fr\/wp-content\/uploads\/2024\/09\/exo-pourcentage-massique-correction.docx\">exo pourcentage massique correction<\/a><\/div>\n\n\n\n<div class=\"wp-block-file\"><a id=\"wp-block-file--media-36af9e74-3556-4129-a6fa-c4f8862be755\" href=\"https:\/\/termspe.flashphys.fr\/wp-content\/uploads\/2023\/10\/exo-dosage-titrage.pdf\">exo-dosage-titrage<\/a><\/div>\n\n\n\n<p>Correction <\/p>\n\n\n\n<div class=\"wp-block-file\"><a id=\"wp-block-file--media-5e6523e2-99bd-4f3b-85e0-4ebda4c40ec2\" href=\"https:\/\/termspe.flashphys.fr\/wp-content\/uploads\/2023\/10\/correction-exo-dosage-titrage.docx\">correction-exo-dosage-titrage<\/a><\/div>\n\n\n\n<h2 class=\"wp-block-heading\"><span>TP : dosage par titrage pH-m\u00e9trique (vinaigre)<\/span><\/h2>\n\n\n\n<p><a href=\"http:\/\/termspe.flashphys.fr\/wp-content\/uploads\/2023\/09\/46bfc46419ef306c151a682798042ea9.docx\">TPtitrage vinaigre pHmetrique 2021.docx<\/a><\/p>\n\n\n\n<p>Correction du TP<\/p>\n\n\n\n<div class=\"wp-block-file\"><a id=\"wp-block-file--media-8219d141-e9ef-4491-a7a1-2c7857b221a7\" href=\"https:\/\/termspe.flashphys.fr\/wp-content\/uploads\/2023\/10\/TPtitrage-vinaigre-pHmetrique-correction.docx\">TPtitrage-vinaigre-pHmetrique-correction<\/a><\/div>\n\n\n\n<h2 class=\"wp-block-heading\"><span>TP : dosage par titrage conductim\u00e9trique (Destop)<\/span><\/h2>\n\n\n\n<p><a href=\"http:\/\/termspe.flashphys.fr\/wp-content\/uploads\/2023\/09\/8371ef2b3f189f98141c42ba907c4c36.docx\">TP titrage Destop \u00e9l\u00e8ves new 2021.docx<\/a><\/p>\n\n\n\n<p>Correction TP <\/p>\n\n\n\n<div class=\"wp-block-file\"><a id=\"wp-block-file--media-1b608d3c-3aa5-42f7-a46d-06a08ca2d720\" href=\"https:\/\/termspe.flashphys.fr\/wp-content\/uploads\/2023\/10\/TP-titrage-Destop-eleves-new-correction.docx\">TP-titrage-Destop-eleves-new-correction<\/a><\/div>\n","protected":false},"excerpt":{"rendered":"<p>Feuille de route feuille routechap 3 term.docx Cours complet Chapitre 3 cours titrage correction.pdf Cours rapide Fiche de m\u00e9morisation R\u00e9sum\u00e9 du chapitre 3 r\u00e9sum\u00e9.pdf Exercices Types Bac Autres exos du livre Hatier Correction TP : dosage par titrage pH-m\u00e9trique (vinaigre) TPtitrage vinaigre pHmetrique 2021.docx Correction du TP TP : dosage par titrage conductim\u00e9trique (Destop) TP&hellip;<\/p>\n","protected":false},"author":1,"featured_media":0,"parent":0,"menu_order":0,"comment_status":"closed","ping_status":"closed","template":"","meta":{"footnotes":""},"class_list":["post-38","page","type-page","status-publish","hentry"],"_links":{"self":[{"href":"https:\/\/termspe.flashphys.fr\/index.php?rest_route=\/wp\/v2\/pages\/38","targetHints":{"allow":["GET"]}}],"collection":[{"href":"https:\/\/termspe.flashphys.fr\/index.php?rest_route=\/wp\/v2\/pages"}],"about":[{"href":"https:\/\/termspe.flashphys.fr\/index.php?rest_route=\/wp\/v2\/types\/page"}],"author":[{"embeddable":true,"href":"https:\/\/termspe.flashphys.fr\/index.php?rest_route=\/wp\/v2\/users\/1"}],"replies":[{"embeddable":true,"href":"https:\/\/termspe.flashphys.fr\/index.php?rest_route=%2Fwp%2Fv2%2Fcomments&post=38"}],"version-history":[{"count":13,"href":"https:\/\/termspe.flashphys.fr\/index.php?rest_route=\/wp\/v2\/pages\/38\/revisions"}],"predecessor-version":[{"id":784,"href":"https:\/\/termspe.flashphys.fr\/index.php?rest_route=\/wp\/v2\/pages\/38\/revisions\/784"}],"wp:attachment":[{"href":"https:\/\/termspe.flashphys.fr\/index.php?rest_route=%2Fwp%2Fv2%2Fmedia&parent=38"}],"curies":[{"name":"wp","href":"https:\/\/api.w.org\/{rel}","templated":true}]}}