{"id":37,"date":"2023-09-03T15:06:26","date_gmt":"2023-09-03T13:06:26","guid":{"rendered":"https:\/\/termspe.flashphys.fr\/?page_id=37"},"modified":"2025-02-14T13:12:18","modified_gmt":"2025-02-14T12:12:18","slug":"page-63149268b9371-html","status":"publish","type":"page","link":"https:\/\/termspe.flashphys.fr\/?page_id=37","title":{"rendered":"Chap 15 : ondes"},"content":{"rendered":"\n<h1 class=\"wp-block-heading\">Cours complet<\/h1>\n\n\n\n<p><a href=\"http:\/\/termspe.flashphys.fr\/wp-content\/uploads\/2023\/09\/6a3e72d3b436738b0f369a9a5fb23324.pdf\">3 ondes .pdf<\/a><\/p>\n\n\n\n<p><strong>Cours sur le son<\/strong><\/p>\n\n\n\n<p><iframe src=\"\/\/www.youtube.com\/embed\/MvP-mEpbVok?wmode=transparent\"><\/iframe><\/p>\n\n\n\n<h3 class=\"wp-block-heading\">Cours diffraction<\/h3>\n\n\n\n<p><iframe src=\"\/\/www.youtube.com\/embed\/5O2SC98T2Os?wmode=transparent\"><\/iframe><\/p>\n\n\n\n<h3 class=\"wp-block-heading\">Cours&nbsp;interf\u00e9rences<\/h3>\n\n\n\n<h3 class=\"wp-block-heading\">Cours effet&nbsp;Doppler<\/h3>\n\n\n\n<h2 class=\"wp-block-heading\">Cours rapide<\/h2>\n\n\n\n<p><iframe src=\"\/\/www.youtube.com\/embed\/7Df2CD5AU1k?wmode=transparent\"><\/iframe><iframe src=\"\/\/www.youtube.com\/embed\/roaGEA3KP70?wmode=transparent\"><\/iframe><iframe src=\"\/\/www.youtube.com\/embed\/cGeXkbgaJcA?wmode=transparent\"><\/iframe><iframe src=\"\/\/www.youtube.com\/embed\/QCRFlFnObvc?wmode=transparent\"><\/iframe><\/p>\n\n\n\n<p class=\"has-large-font-size\"><strong>Fiche de m\u00e9morisation<\/strong><\/p>\n\n\n\n<div class=\"wp-block-file\"><a id=\"wp-block-file--media-ab6ad1ad-8bfd-464e-92ea-b4ba8aedfa4d\" href=\"https:\/\/termspe.flashphys.fr\/wp-content\/uploads\/2024\/04\/fiche-memo-corrigee-chap-15-ondes.docx\">fiche-memo-corrigee-chap-15-ondes<\/a><a href=\"https:\/\/termspe.flashphys.fr\/wp-content\/uploads\/2024\/04\/fiche-memo-corrigee-chap-15-ondes.docx\" class=\"wp-block-file__button wp-element-button\" download aria-describedby=\"wp-block-file--media-ab6ad1ad-8bfd-464e-92ea-b4ba8aedfa4d\">Download<\/a><\/div>\n\n\n\n<h2 class=\"wp-block-heading\">TP : att\u00e9nuation du son<\/h2>\n\n\n\n<p><a href=\"http:\/\/termspe.flashphys.fr\/wp-content\/uploads\/2023\/09\/a8c836c05388d08f0016dbd609349d2f.docx\">tp attenuation son.docx<\/a><\/p>\n\n\n\n<h2 class=\"wp-block-heading\">TP : casque anti-bruit&nbsp;<\/h2>\n\n\n\n<p><a href=\"https:\/\/phyromtermspe.monsite-orange.fr\/file\/9a7a070a1d7a4f740a9c854148056288.docx\">Activit\u00e9 Casque antibruit actif eleves.docx<\/a><\/p>\n\n\n\n<p>Une musique comme exemple :<\/p>\n\n\n\n<p><a href=\"http:\/\/termspe.flashphys.fr\/wp-content\/uploads\/2023\/09\/mozart-rondo-alla-turca-turkish-march.mp3\">mozart.rar<\/a><\/p>\n\n\n\n<p>Pour ce TP, il faut installer l logiciel gratuit AUDACITY, disponible, entre autre, en t\u00e9l\u00e9chargement ici :<\/p>\n\n\n\n<p><a href=\"https:\/\/www.fosshub.com\/Audacity.html\">https:\/\/www.fosshub.com\/Audacity.html<\/a><\/p>\n\n\n\n<h2 class=\"wp-block-heading\">TP : diffraction de la lumi\u00e8re<\/h2>\n\n\n\n<p><a href=\"http:\/\/termspe.flashphys.fr\/wp-content\/uploads\/2023\/09\/7eb406385e1ccc587a5c4623bc724808.docx\">tp diffraction \u00e9l\u00e8ves.docx<\/a><\/p>\n\n\n\n<p>Correction du tp<\/p>\n\n\n\n<h2 class=\"wp-block-heading\">TP : interf\u00e9rences lumineuses<\/h2>\n\n\n\n<p><a href=\"http:\/\/termspe.flashphys.fr\/wp-content\/uploads\/2023\/09\/fea1a733f54958a7c93d1161ce9cf0ba.docx\">TP interference \u00e9l\u00e8ve.docx<\/a><\/p>\n\n\n\n<p>Correction du tp<\/p>\n\n\n\n<h2 class=\"wp-block-heading\">Activit\u00e9 num\u00e9rique (Python) : conditions d&#8217;interf\u00e9rences constructives et d\u00e9structives<\/h2>\n\n\n\n<p><a href=\"http:\/\/termspe.flashphys.fr\/wp-content\/uploads\/2023\/09\/fde5da8f1b30b7b55ce5ab8bd6477b11.docx\">Somme de signaux sinuso\u00efdaux \u00e9l\u00e8ves.docx<\/a><\/p>\n\n\n\n<h3 class=\"wp-block-heading\">Correction<\/h3>\n\n\n\n<h2 class=\"wp-block-heading\">Exercices sur l&#8217;intensit\u00e9 sonore<\/h2>\n\n\n\n<p><a href=\"http:\/\/termspe.flashphys.fr\/wp-content\/uploads\/2023\/09\/99efd992771c1479e46ec10a29a315bb.pdf\">exos Intensit\u00e9 sonore.pdf<\/a><\/p>\n\n\n\n<p><a href=\"http:\/\/termspe.flashphys.fr\/wp-content\/uploads\/2023\/09\/78d7b0073ea8fa2aa41189f2eb5fc38f.docx\">exos Intensit\u00e9 sonore correction.docx<\/a><\/p>\n\n\n\n<h2 class=\"wp-block-heading\">Exercices corrig\u00e9s sur diffraction et interf\u00e9rences<\/h2>\n\n\n\n<p><a href=\"http:\/\/termspe.flashphys.fr\/wp-content\/uploads\/2023\/09\/2a0da584fb72a5aa256595b27e7c01e1.docx\">exo ondes 2023.docx<\/a><\/p>\n\n\n\n<p><a href=\"http:\/\/termspe.flashphys.fr\/wp-content\/uploads\/2023\/09\/d3d7909ebe7d94d7ba6f78f81d8e3cfe.docx\">correction exo interference.docx<\/a><\/p>\n\n\n\n<p><a href=\"http:\/\/termspe.flashphys.fr\/wp-content\/uploads\/2023\/09\/084e72823cb599a9e6627f4b28381242.docx\">exo type bac ondes.docx<\/a><\/p>\n\n\n\n<p><a href=\"http:\/\/termspe.flashphys.fr\/wp-content\/uploads\/2023\/09\/87288bf3cd198b0af93a4972f1f3b51e.docx\">correction exo interference.docx<\/a><\/p>\n","protected":false},"excerpt":{"rendered":"<p>Cours complet 3 ondes .pdf Cours sur le son Cours diffraction Cours&nbsp;interf\u00e9rences Cours effet&nbsp;Doppler Cours rapide Fiche de m\u00e9morisation TP : att\u00e9nuation du son tp attenuation son.docx TP : casque anti-bruit&nbsp; Activit\u00e9 Casque antibruit actif eleves.docx Une musique comme exemple : mozart.rar Pour ce TP, il faut installer l logiciel gratuit AUDACITY, disponible, entre autre,&hellip;<\/p>\n","protected":false},"author":1,"featured_media":0,"parent":0,"menu_order":0,"comment_status":"closed","ping_status":"closed","template":"","meta":{"footnotes":""},"class_list":["post-37","page","type-page","status-publish","hentry"],"_links":{"self":[{"href":"https:\/\/termspe.flashphys.fr\/index.php?rest_route=\/wp\/v2\/pages\/37","targetHints":{"allow":["GET"]}}],"collection":[{"href":"https:\/\/termspe.flashphys.fr\/index.php?rest_route=\/wp\/v2\/pages"}],"about":[{"href":"https:\/\/termspe.flashphys.fr\/index.php?rest_route=\/wp\/v2\/types\/page"}],"author":[{"embeddable":true,"href":"https:\/\/termspe.flashphys.fr\/index.php?rest_route=\/wp\/v2\/users\/1"}],"replies":[{"embeddable":true,"href":"https:\/\/termspe.flashphys.fr\/index.php?rest_route=%2Fwp%2Fv2%2Fcomments&post=37"}],"version-history":[{"count":5,"href":"https:\/\/termspe.flashphys.fr\/index.php?rest_route=\/wp\/v2\/pages\/37\/revisions"}],"predecessor-version":[{"id":739,"href":"https:\/\/termspe.flashphys.fr\/index.php?rest_route=\/wp\/v2\/pages\/37\/revisions\/739"}],"wp:attachment":[{"href":"https:\/\/termspe.flashphys.fr\/index.php?rest_route=%2Fwp%2Fv2%2Fmedia&parent=37"}],"curies":[{"name":"wp","href":"https:\/\/api.w.org\/{rel}","templated":true}]}}