{"id":35,"date":"2023-09-03T15:06:26","date_gmt":"2023-09-03T13:06:26","guid":{"rendered":"https:\/\/termspe.flashphys.fr\/?page_id=35"},"modified":"2025-02-14T13:12:33","modified_gmt":"2025-02-14T12:12:33","slug":"page-6314927388002-html","status":"publish","type":"page","link":"https:\/\/termspe.flashphys.fr\/?page_id=35","title":{"rendered":"Chap 16 : lunette astronomique"},"content":{"rendered":"\n<h1 class=\"wp-block-heading\">R\u00e9visions sur les lentilles : le cours de 1\u00e8re sp\u00e9cialit\u00e9<\/h1>\n\n\n\n<p><a href=\"http:\/\/termspe.flashphys.fr\/wp-content\/uploads\/2023\/09\/ebc45d959be502711459c7cd5b22ac70.docx\">r\u00e9vision 1ere sp\u00e9 lentilles2023.docx<\/a><\/p>\n\n\n\n<h2 class=\"wp-block-heading\">Cours complet<\/h2>\n\n\n\n<p><a href=\"http:\/\/termspe.flashphys.fr\/wp-content\/uploads\/2023\/09\/dd49b61f8e527ddef84b5f826b1fdc3d.docx\">Chapitre 14 lunette astronomique.docx<\/a><\/p>\n\n\n\n<p><iframe src=\"\/\/www.youtube.com\/embed\/2B-Qtax4fiE?wmode=transparent\"><\/iframe><\/p>\n\n\n\n<h2 class=\"wp-block-heading\">Cours rapide<\/h2>\n\n\n\n<h2 class=\"wp-block-heading\">TP cours : mod\u00e9lisation d&#8217;une lunette astronomique<\/h2>\n\n\n\n<p><a href=\"http:\/\/termspe.flashphys.fr\/wp-content\/uploads\/2023\/09\/3462baff79111e6c153f83871c870c66.docx\">TP Lunette astronomiquenew2023.docx<\/a><\/p>\n\n\n\n<p><a href=\"http:\/\/termspe.flashphys.fr\/wp-content\/uploads\/2023\/09\/a0fca8276552edd8bd4eda79f67f8d91.docx\">TP Lunette astronomique2023profnew.docx<\/a><\/p>\n\n\n\n<figure class=\"wp-block-image\"><img decoding=\"async\" src=\"https:\/\/monsite.woopic.com\/383\/f\/300x\/p\/phyromtermspe\/img\/4346f8fe786ae436767da426d6604551.png\" alt=\"g1\"\/><\/figure>\n\n\n\n<figure class=\"wp-block-image\"><img decoding=\"async\" src=\"https:\/\/monsite.woopic.com\/383\/f\/300x\/p\/phyromtermspe\/img\/1e1b8cf4cfb8efcffd91e343411a9169.png\" alt=\"g2\"\/><\/figure>\n\n\n\n<figure class=\"wp-block-image\"><img decoding=\"async\" src=\"https:\/\/monsite.woopic.com\/383\/f\/300x\/p\/phyromtermspe\/img\/5b1aab657bf63818869b82c3a5f2911c.png\" alt=\"g3\"\/><\/figure>\n\n\n\n<figure class=\"wp-block-image\"><img decoding=\"async\" src=\"https:\/\/monsite.woopic.com\/383\/f\/300x\/p\/phyromtermspe\/img\/579975dd6ee272ba781e4a4996d1e8fc.png\" alt=\"g4\"\/><\/figure>\n\n\n\n<figure class=\"wp-block-image\"><img decoding=\"async\" src=\"https:\/\/monsite.woopic.com\/383\/f\/300x\/p\/phyromtermspe\/img\/6d63892ea5c5075635a639911e4c77b0.png\" alt=\"g5\"\/><\/figure>\n\n\n\n<figure class=\"wp-block-image\"><img decoding=\"async\" src=\"https:\/\/monsite.woopic.com\/383\/f\/300x\/p\/phyromtermspe\/img\/1073d4d99e9e01e01a05760f6e1dbf4a.png\" alt=\"g6\"\/><\/figure>\n\n\n\n<h2 class=\"wp-block-heading\">Correction exercices livre hatier<\/h2>\n\n\n\n<p><a href=\"http:\/\/termspe.flashphys.fr\/wp-content\/uploads\/2023\/09\/8e412b197e4ba9af600222e8230c6b35.docx\">Exercices lunette astronomique.docx<\/a><\/p>\n\n\n\n<p><a href=\"http:\/\/termspe.flashphys.fr\/wp-content\/uploads\/2023\/09\/54a9ee4051a14aad9cc1b52feca4ea63.docx\">correction exo lunette.docx<\/a><\/p>\n","protected":false},"excerpt":{"rendered":"<p>R\u00e9visions sur les lentilles : le cours de 1\u00e8re sp\u00e9cialit\u00e9 r\u00e9vision 1ere sp\u00e9 lentilles2023.docx Cours complet Chapitre 14 lunette astronomique.docx Cours rapide TP cours : mod\u00e9lisation d&#8217;une lunette astronomique TP Lunette astronomiquenew2023.docx TP Lunette astronomique2023profnew.docx Correction exercices livre hatier Exercices lunette astronomique.docx correction exo lunette.docx<\/p>\n","protected":false},"author":1,"featured_media":0,"parent":0,"menu_order":0,"comment_status":"closed","ping_status":"closed","template":"","meta":{"footnotes":""},"class_list":["post-35","page","type-page","status-publish","hentry"],"_links":{"self":[{"href":"https:\/\/termspe.flashphys.fr\/index.php?rest_route=\/wp\/v2\/pages\/35","targetHints":{"allow":["GET"]}}],"collection":[{"href":"https:\/\/termspe.flashphys.fr\/index.php?rest_route=\/wp\/v2\/pages"}],"about":[{"href":"https:\/\/termspe.flashphys.fr\/index.php?rest_route=\/wp\/v2\/types\/page"}],"author":[{"embeddable":true,"href":"https:\/\/termspe.flashphys.fr\/index.php?rest_route=\/wp\/v2\/users\/1"}],"replies":[{"embeddable":true,"href":"https:\/\/termspe.flashphys.fr\/index.php?rest_route=%2Fwp%2Fv2%2Fcomments&post=35"}],"version-history":[{"count":3,"href":"https:\/\/termspe.flashphys.fr\/index.php?rest_route=\/wp\/v2\/pages\/35\/revisions"}],"predecessor-version":[{"id":732,"href":"https:\/\/termspe.flashphys.fr\/index.php?rest_route=\/wp\/v2\/pages\/35\/revisions\/732"}],"wp:attachment":[{"href":"https:\/\/termspe.flashphys.fr\/index.php?rest_route=%2Fwp%2Fv2%2Fmedia&parent=35"}],"curies":[{"name":"wp","href":"https:\/\/api.w.org\/{rel}","templated":true}]}}