{"id":34,"date":"2023-09-03T15:06:26","date_gmt":"2023-09-03T13:06:26","guid":{"rendered":"https:\/\/termspe.flashphys.fr\/?page_id=34"},"modified":"2025-02-03T11:30:06","modified_gmt":"2025-02-03T10:30:06","slug":"page-6314928a09938-html","status":"publish","type":"page","link":"https:\/\/termspe.flashphys.fr\/?page_id=34","title":{"rendered":"Chap 12 : circuit \u00e9lectrique RC"},"content":{"rendered":"\n<h1 class=\"wp-block-heading\"><iframe src=\"\/\/www.youtube.com\/embed\/YANL-o8_6ic?wmode=transparent\"><\/iframe><\/h1>\n\n\n\n<h2 class=\"wp-block-heading\">Cours complet<\/h2>\n\n\n\n<p><a href=\"http:\/\/termspe.flashphys.fr\/wp-content\/uploads\/2023\/09\/6c015acf1ffef66f45e8edc353805f04.pdf\">15 cours Condensateur RC 2020 prof.pdf<\/a><\/p>\n\n\n\n<h2 class=\"wp-block-heading\">Cours rapide<\/h2>\n\n\n\n<p><iframe src=\"\/\/www.youtube.com\/embed\/TY5GPXcPeH0?wmode=transparent\"><\/iframe><\/p>\n\n\n\n<p class=\"has-large-font-size\"><strong>Fiche de m\u00e9morisation<\/strong><\/p>\n\n\n\n<div class=\"wp-block-file\"><a id=\"wp-block-file--media-37f32eb7-c914-4c86-b046-cfc3c7a6618e\" href=\"https:\/\/termspe.flashphys.fr\/wp-content\/uploads\/2025\/02\/fiche-memo-corrige-chap-12-circuit-RC.docx\">fiche memo corrig\u00e9 chap 12 circuit RC<\/a><a href=\"https:\/\/termspe.flashphys.fr\/wp-content\/uploads\/2025\/02\/fiche-memo-corrige-chap-12-circuit-RC.docx\" class=\"wp-block-file__button wp-element-button\" download aria-describedby=\"wp-block-file--media-37f32eb7-c914-4c86-b046-cfc3c7a6618e\">T\u00e9l\u00e9charger<\/a><\/div>\n\n\n\n<h2 class=\"wp-block-heading\">TP\/cours : charge et d\u00e9charge d&#8217;un condensateur<\/h2>\n\n\n\n<p><a href=\"https:\/\/phet.colorado.edu\/sims\/html\/capacitor-lab-basics\/latest\/capacitor-lab-basics_fr.html\">Simulation r\u00f4le du condensateur<\/a><\/p>\n\n\n\n<p><a href=\"http:\/\/ressources.univ-lemans.fr\/AccesLibre\/UM\/Pedago\/physique\/02\/electri\/chargecondo.html\">Simulateur charge et d\u00e9charge condensateur<\/a><\/p>\n\n\n\n<p><a href=\"http:\/\/termspe.flashphys.fr\/wp-content\/uploads\/2023\/09\/36221482d6601c07b8125c5b9a02413b.docx\">TP charge decharge condensateur \u00e9l\u00e8ves.docx<\/a><\/p>\n\n\n\n<p><a href=\"http:\/\/termspe.flashphys.fr\/wp-content\/uploads\/2023\/09\/043941534eee70f9ae90079a8cc40b50.csv\">charge condo 10uF R10kohm.csv<\/a><\/p>\n\n\n\n<p><a href=\"http:\/\/termspe.flashphys.fr\/wp-content\/uploads\/2023\/09\/6df91a92de367a84bfd9e2ee59c98ce8.csv\">d\u00e9charge condo C=10uF R=10kohm.csv<\/a><\/p>\n\n\n\n<h2 class=\"wp-block-heading\">Activit\u00e9 : Capacit\u00e9 d&#8217;un condensateur<\/h2>\n\n\n\n<p><a href=\"http:\/\/termspe.flashphys.fr\/wp-content\/uploads\/2023\/09\/e3555df746ebaed99a02df568bfd3b03.docx\">act capacite\u0301 condensateur \u00e9l\u00e8ve.docx<\/a><\/p>\n\n\n\n<h2 class=\"wp-block-heading\">Exercices corrig\u00e9s : dans le livre hatier autour des pages 554 etc&#8230;<\/h2>\n\n\n\n<p><a href=\"http:\/\/termspe.flashphys.fr\/wp-content\/uploads\/2023\/09\/7bab868c92d953feb6656ce2c8fb831c.docx\">coreection exo supercondensateur bac.docx<\/a><\/p>\n\n\n\n<p><a href=\"http:\/\/termspe.flashphys.fr\/wp-content\/uploads\/2023\/09\/d92ea871251339fe2fee7e6a24930960.docx\">correction exo detection passager bac.docx<\/a><\/p>\n\n\n\n<p><a href=\"http:\/\/termspe.flashphys.fr\/wp-content\/uploads\/2023\/09\/9a47a04121cf248f78be56c16e672874.docx\">exo bac 2022 defibrilateur.docx<\/a><\/p>\n\n\n\n<p><a href=\"http:\/\/termspe.flashphys.fr\/wp-content\/uploads\/2023\/09\/907c054da63758f026b632f85f0a66d2.docx\">correction exo rc.docx<\/a><\/p>\n\n\n\n<h2 class=\"wp-block-heading\">Exercices corrig\u00e9s en vid\u00e9o \u00e0 faire \u00e0 la maison !<\/h2>\n\n\n\n<p><a href=\"http:\/\/termspe.flashphys.fr\/wp-content\/uploads\/2023\/09\/88253be4ad9fc0694afa83aa51fd58c7.docx\">exo rc.docx<\/a><\/p>\n\n\n\n<p><iframe src=\"\/\/www.youtube.com\/embed\/2DXywAhZXm4?wmode=transparent\"><\/iframe><iframe src=\"\/\/www.youtube.com\/embed\/cGHnn1RIvu0?wmode=transparent\"><\/iframe><iframe src=\"\/\/www.youtube.com\/embed\/UGQ11-Iu8z4?wmode=transparent\"><\/iframe><iframe src=\"\/\/www.youtube.com\/embed\/jzFypm9TpYE?wmode=transparent\"><\/iframe><iframe src=\"\/\/www.youtube.com\/embed\/kJeVLGhEDdU?wmode=transparent\"><\/iframe><iframe src=\"\/\/www.youtube.com\/embed\/fmchQ3BvChw?wmode=transparent\"><\/iframe><\/p>\n","protected":false},"excerpt":{"rendered":"<p>Cours complet 15 cours Condensateur RC 2020 prof.pdf Cours rapide Fiche de m\u00e9morisation TP\/cours : charge et d\u00e9charge d&#8217;un condensateur Simulation r\u00f4le du condensateur Simulateur charge et d\u00e9charge condensateur TP charge decharge condensateur \u00e9l\u00e8ves.docx charge condo 10uF R10kohm.csv d\u00e9charge condo C=10uF R=10kohm.csv Activit\u00e9 : Capacit\u00e9 d&#8217;un condensateur act capacite\u0301 condensateur \u00e9l\u00e8ve.docx Exercices corrig\u00e9s : dans&hellip;<\/p>\n","protected":false},"author":1,"featured_media":0,"parent":0,"menu_order":0,"comment_status":"closed","ping_status":"closed","template":"","meta":{"footnotes":""},"class_list":["post-34","page","type-page","status-publish","hentry"],"_links":{"self":[{"href":"https:\/\/termspe.flashphys.fr\/index.php?rest_route=\/wp\/v2\/pages\/34","targetHints":{"allow":["GET"]}}],"collection":[{"href":"https:\/\/termspe.flashphys.fr\/index.php?rest_route=\/wp\/v2\/pages"}],"about":[{"href":"https:\/\/termspe.flashphys.fr\/index.php?rest_route=\/wp\/v2\/types\/page"}],"author":[{"embeddable":true,"href":"https:\/\/termspe.flashphys.fr\/index.php?rest_route=\/wp\/v2\/users\/1"}],"replies":[{"embeddable":true,"href":"https:\/\/termspe.flashphys.fr\/index.php?rest_route=%2Fwp%2Fv2%2Fcomments&post=34"}],"version-history":[{"count":5,"href":"https:\/\/termspe.flashphys.fr\/index.php?rest_route=\/wp\/v2\/pages\/34\/revisions"}],"predecessor-version":[{"id":801,"href":"https:\/\/termspe.flashphys.fr\/index.php?rest_route=\/wp\/v2\/pages\/34\/revisions\/801"}],"wp:attachment":[{"href":"https:\/\/termspe.flashphys.fr\/index.php?rest_route=%2Fwp%2Fv2%2Fmedia&parent=34"}],"curies":[{"name":"wp","href":"https:\/\/api.w.org\/{rel}","templated":true}]}}