{"id":33,"date":"2023-09-03T15:06:25","date_gmt":"2023-09-03T13:06:25","guid":{"rendered":"https:\/\/termspe.flashphys.fr\/?page_id=33"},"modified":"2025-02-03T11:30:27","modified_gmt":"2025-02-03T10:30:27","slug":"page-631492514a616-html","status":"publish","type":"page","link":"https:\/\/termspe.flashphys.fr\/?page_id=33","title":{"rendered":"Chap 13 : thermodynamique"},"content":{"rendered":"\n<h1 class=\"wp-block-heading\">Cours complet<\/h1>\n\n\n\n<p><a href=\"https:\/\/view.genial.ly\/61c1fa30f8e9000e077373e0\/interactive-content-quiz-thermodynamique\">interactive-content-quiz-thermodynamique<\/a><\/p>\n\n\n\n<p><a href=\"http:\/\/termspe.flashphys.fr\/wp-content\/uploads\/2023\/09\/ad3a8f182e73dd23264ef154cee8c21a.pdf\">11 thermo eleves.pdf<\/a><\/p>\n\n\n\n<h2 class=\"wp-block-heading\">Cours rapide<\/h2>\n\n\n\n<p><iframe src=\"\/\/www.youtube.com\/embed\/stypLl1fgHo?wmode=transparent\"><\/iframe><iframe src=\"\/\/www.youtube.com\/embed\/5W6paiRhIIk?wmode=transparent\"><\/iframe><iframe src=\"\/\/www.youtube.com\/embed\/rXduAuxrgiQ?wmode=transparent\"><\/iframe><iframe src=\"\/\/www.youtube.com\/embed\/Qfc_pdEF10w?wmode=transparent\"><\/iframe><iframe src=\"\/\/www.youtube.com\/embed\/TjNI0dIg00o?wmode=transparent\"><\/iframe><\/p>\n\n\n\n<h2 class=\"wp-block-heading\">TP : calorim\u00e9trie<\/h2>\n\n\n\n<p><a href=\"http:\/\/termspe.flashphys.fr\/wp-content\/uploads\/2023\/09\/47dca41981bfe5a6990489949606e655.docx\">TP calorim\u00e9trie.docx<\/a><\/p>\n\n\n\n<p><a href=\"http:\/\/termspe.flashphys.fr\/wp-content\/uploads\/2023\/09\/cd2d346078b27d177d0a217a50fe66b9.docx\">TP calorim\u00e9trie prof.docx<\/a><\/p>\n\n\n\n<h2 class=\"wp-block-heading\">TP : loi de refroidissement de Newton (pas au programme 2023)<\/h2>\n\n\n\n<p><a href=\"http:\/\/termspe.flashphys.fr\/wp-content\/uploads\/2023\/09\/41b139f32690c37568efa8f38b1366bb.docx\">Tp loi de refroidissement \u00e9l\u00e8ves.docx<\/a><\/p>\n\n\n\n<p><strong>Correction<\/strong><\/p>\n\n\n\n<p><a href=\"http:\/\/termspe.flashphys.fr\/wp-content\/uploads\/2023\/09\/f494c9483ce38aece5fd354cbc68f363.pdf\">Tp loi de refroidissement prof.pdf<\/a><\/p>\n\n\n\n<p><a href=\"http:\/\/ressources.univ-lemans.fr\/AccesLibre\/UM\/Pedago\/physique\/02\/thermo\/newton2.html\">Simulateur loi de refroidissement<\/a><\/p>\n\n\n\n<h2 class=\"wp-block-heading\">Exercices de thermodynamique<\/h2>\n\n\n\n<p><a href=\"https:\/\/phyromtermspe.monsite-orange.fr\/file\/a7fc7f33387965957f0cf807e1339410.pdf\">fiche d&#8217;exercices chapitre 8-1.pdf<\/a><\/p>\n\n\n\n<p>correction<\/p>\n\n\n\n<p><a href=\"http:\/\/termspe.flashphys.fr\/wp-content\/uploads\/2023\/09\/fc8a88a6a1e4754f3ead8d19177dc7cc.docx\">exo bac rover.docx<\/a><\/p>\n\n\n\n<p><a href=\"http:\/\/termspe.flashphys.fr\/wp-content\/uploads\/2023\/09\/83140e8335a1a41312c8bf3387d6b702.docx\">correction exo therm.docx<\/a><\/p>\n\n\n\n<p><a href=\"http:\/\/termspe.flashphys.fr\/wp-content\/uploads\/2023\/09\/3bf90359c1c42c14bcb6f8c24b3f766e.docx\">exo thermo corr.docx<\/a><\/p>\n\n\n\n<h2 class=\"wp-block-heading\">R\u00e9sum\u00e9<\/h2>\n\n\n\n<p><a href=\"http:\/\/termspe.flashphys.fr\/wp-content\/uploads\/2023\/09\/66f5e881db67c7b20455fc6fd659132e.pdf\">r\u00e9sum\u00e9 chap11.pdf<\/a><\/p>\n\n\n\n<h2 class=\"wp-block-heading\">Principe d&#8217;une pompe \u00e0 chaleur<\/h2>\n\n\n\n<p><iframe src=\"\/\/www.youtube.com\/embed\/yNF15iaB4JQ?wmode=transparent\"><\/iframe><\/p>\n","protected":false},"excerpt":{"rendered":"<p>Cours complet interactive-content-quiz-thermodynamique 11 thermo eleves.pdf Cours rapide TP : calorim\u00e9trie TP calorim\u00e9trie.docx TP calorim\u00e9trie prof.docx TP : loi de refroidissement de Newton (pas au programme 2023) Tp loi de refroidissement \u00e9l\u00e8ves.docx Correction Tp loi de refroidissement prof.pdf Simulateur loi de refroidissement Exercices de thermodynamique fiche d&#8217;exercices chapitre 8-1.pdf correction exo bac rover.docx correction exo&hellip;<\/p>\n","protected":false},"author":1,"featured_media":0,"parent":0,"menu_order":0,"comment_status":"closed","ping_status":"closed","template":"","meta":{"footnotes":""},"class_list":["post-33","page","type-page","status-publish","hentry"],"_links":{"self":[{"href":"https:\/\/termspe.flashphys.fr\/index.php?rest_route=\/wp\/v2\/pages\/33","targetHints":{"allow":["GET"]}}],"collection":[{"href":"https:\/\/termspe.flashphys.fr\/index.php?rest_route=\/wp\/v2\/pages"}],"about":[{"href":"https:\/\/termspe.flashphys.fr\/index.php?rest_route=\/wp\/v2\/types\/page"}],"author":[{"embeddable":true,"href":"https:\/\/termspe.flashphys.fr\/index.php?rest_route=\/wp\/v2\/users\/1"}],"replies":[{"embeddable":true,"href":"https:\/\/termspe.flashphys.fr\/index.php?rest_route=%2Fwp%2Fv2%2Fcomments&post=33"}],"version-history":[{"count":3,"href":"https:\/\/termspe.flashphys.fr\/index.php?rest_route=\/wp\/v2\/pages\/33\/revisions"}],"predecessor-version":[{"id":714,"href":"https:\/\/termspe.flashphys.fr\/index.php?rest_route=\/wp\/v2\/pages\/33\/revisions\/714"}],"wp:attachment":[{"href":"https:\/\/termspe.flashphys.fr\/index.php?rest_route=%2Fwp%2Fv2%2Fmedia&parent=33"}],"curies":[{"name":"wp","href":"https:\/\/api.w.org\/{rel}","templated":true}]}}