{"id":32,"date":"2023-09-03T15:06:23","date_gmt":"2023-09-03T13:06:23","guid":{"rendered":"https:\/\/termspe.flashphys.fr\/?page_id=32"},"modified":"2024-10-13T10:26:18","modified_gmt":"2024-10-13T08:26:18","slug":"page-631490d16f16d-html","status":"publish","type":"page","link":"https:\/\/termspe.flashphys.fr\/?page_id=32","title":{"rendered":"Chap 5 : mouvement et forces"},"content":{"rendered":"\n<h1 class=\"wp-block-heading\">Cours complet<\/h1>\n\n\n\n<p><iframe src=\"\/\/www.youtube.com\/embed\/M7x5wx7M9zo?wmode=transparent\"><\/iframe><\/p>\n\n\n\n<p><a href=\"http:\/\/termspe.flashphys.fr\/wp-content\/uploads\/2023\/09\/dfbdb34ef047c24cff964fb212cd21bc.pdf\">Chapitre 5 cours mouvement et forces.pdf<\/a><\/p>\n\n\n\n<p><a href=\"http:\/\/termspe.flashphys.fr\/wp-content\/uploads\/2023\/09\/25e7a778d00b5b50b8a0eea837567ce9.pdf\">cours mouvement et forces correction.pdf<\/a><\/p>\n\n\n\n<p style=\"font-size:26px\"><strong>Fiche de m\u00e9morisation active<\/strong><\/p>\n\n\n\n<div class=\"wp-block-file\"><a id=\"wp-block-file--media-55c5a0eb-a6ce-4e51-a331-e967343ec92f\" href=\"https:\/\/termspe.flashphys.fr\/wp-content\/uploads\/2023\/11\/fiche-memo-chap5-corrige.docx\">fiche-memo-chap5-corrige<\/a><a href=\"https:\/\/termspe.flashphys.fr\/wp-content\/uploads\/2023\/11\/fiche-memo-chap5-corrige.docx\" class=\"wp-block-file__button wp-element-button\" download aria-describedby=\"wp-block-file--media-55c5a0eb-a6ce-4e51-a331-e967343ec92f\">T\u00e9l\u00e9charger<\/a><\/div>\n\n\n\n<h2 class=\"wp-block-heading\"><\/h2>\n\n\n\n<h2 class=\"wp-block-heading\"><strong>Projeter un vecteur dans un rep\u00e8re<\/strong><\/h2>\n\n\n\n<p><a href=\"http:\/\/termspe.flashphys.fr\/wp-content\/uploads\/2023\/09\/eca3cc9d561c453eb045b517abb40981.docx\">projeter vecteur corrig\u00e9.docx<\/a><\/p>\n\n\n\n<p style=\"font-size:25px\"><strong>TP : 1\u00e8re et 2\u00e8me loi de Newton<\/strong><\/p>\n\n\n\n<div class=\"wp-block-file\"><a id=\"wp-block-file--media-0e8a93f7-21cb-45f8-801d-b9e34271e624\" href=\"https:\/\/termspe.flashphys.fr\/wp-content\/uploads\/2023\/11\/tp-chute-huile-python-.docx\">tp-chute-huile-python-<\/a><a href=\"https:\/\/termspe.flashphys.fr\/wp-content\/uploads\/2023\/11\/tp-chute-huile-python-.docx\" class=\"wp-block-file__button wp-element-button\" download aria-describedby=\"wp-block-file--media-0e8a93f7-21cb-45f8-801d-b9e34271e624\">T\u00e9l\u00e9charger<\/a><\/div>\n\n\n\n<div class=\"wp-block-file\"><a id=\"wp-block-file--media-c7396153-f811-4db0-bd98-c5ef7b226d16\" href=\"https:\/\/termspe.flashphys.fr\/wp-content\/uploads\/2023\/11\/correction-tp-chute-huile.docx\">correction-tp-chute-huile<\/a><a href=\"https:\/\/termspe.flashphys.fr\/wp-content\/uploads\/2023\/11\/correction-tp-chute-huile.docx\" class=\"wp-block-file__button wp-element-button\" download aria-describedby=\"wp-block-file--media-c7396153-f811-4db0-bd98-c5ef7b226d16\">T\u00e9l\u00e9charger<\/a><\/div>\n\n\n\n<p>Vid\u00e9os n\u00e9cessaires au TP :<\/p>\n\n\n\n<div class=\"wp-block-file\"><a id=\"wp-block-file--media-8d3b5d58-6988-4abf-a059-7fb9284176f7\" href=\"https:\/\/termspe.flashphys.fr\/wp-content\/uploads\/2023\/11\/Chute_bille.avi\">Chute_bille<\/a><a href=\"https:\/\/termspe.flashphys.fr\/wp-content\/uploads\/2023\/11\/Chute_bille.avi\" class=\"wp-block-file__button wp-element-button\" download aria-describedby=\"wp-block-file--media-8d3b5d58-6988-4abf-a059-7fb9284176f7\">T\u00e9l\u00e9charger<\/a><\/div>\n\n\n\n<div class=\"wp-block-file\"><a id=\"wp-block-file--media-34694471-c930-4f03-801a-2a6ef6008b1f\" href=\"https:\/\/termspe.flashphys.fr\/wp-content\/uploads\/2023\/11\/cam.avi\">cam<\/a><a href=\"https:\/\/termspe.flashphys.fr\/wp-content\/uploads\/2023\/11\/cam.avi\" class=\"wp-block-file__button wp-element-button\" download aria-describedby=\"wp-block-file--media-34694471-c930-4f03-801a-2a6ef6008b1f\">T\u00e9l\u00e9charger<\/a><\/div>\n\n\n\n<p>Si besoin fichier pointage du camion au format CSV : <\/p>\n\n\n\n<div class=\"wp-block-file\"><a id=\"wp-block-file--media-5ed4b4e1-e236-4f27-8319-86251df7b208\" href=\"https:\/\/termspe.flashphys.fr\/wp-content\/uploads\/2023\/11\/cam.csv\">cam<\/a><a href=\"https:\/\/termspe.flashphys.fr\/wp-content\/uploads\/2023\/11\/cam.csv\" class=\"wp-block-file__button wp-element-button\" download aria-describedby=\"wp-block-file--media-5ed4b4e1-e236-4f27-8319-86251df7b208\">T\u00e9l\u00e9charger<\/a><\/div>\n\n\n\n<h2 class=\"wp-block-heading\"><span><strong>Exercices<\/strong><\/span><\/h2>\n\n\n\n<p><a href=\"http:\/\/termspe.flashphys.fr\/wp-content\/uploads\/2023\/09\/5cff07c90a9a6b36b6259eece768656d.pdf\">exo mvt et force.pdf<\/a><\/p>\n\n\n\n<p><a href=\"http:\/\/termspe.flashphys.fr\/wp-content\/uploads\/2023\/09\/75df49f5bb5081f9723835b1bc7cb3dc.docx\">correction exo chap 5.docx<\/a><\/p>\n\n\n\n<p><iframe src=\"\/\/www.youtube.com\/embed\/17yWb6VlbJ8?wmode=transparent\"><\/iframe><iframe src=\"\/\/www.youtube.com\/embed\/pk49DGaAork?wmode=transparent\"><\/iframe><iframe src=\"\/\/www.youtube.com\/embed\/dIjiNQg9Ts4?wmode=transparent\"><\/iframe><iframe src=\"\/\/www.youtube.com\/embed\/9zV790gNkVk?wmode=transparent\"><\/iframe><iframe src=\"\/\/www.youtube.com\/embed\/su_AsyNXVR8?wmode=transparent\"><\/iframe><iframe src=\"\/\/www.youtube.com\/embed\/Z3mjYt95X3E?wmode=transparent\"><\/iframe><\/p>\n","protected":false},"excerpt":{"rendered":"<p>Cours complet Chapitre 5 cours mouvement et forces.pdf cours mouvement et forces correction.pdf Fiche de m\u00e9morisation active Projeter un vecteur dans un rep\u00e8re projeter vecteur corrig\u00e9.docx TP : 1\u00e8re et 2\u00e8me loi de Newton Vid\u00e9os n\u00e9cessaires au TP : Si besoin fichier pointage du camion au format CSV : Exercices exo mvt et force.pdf correction&hellip;<\/p>\n","protected":false},"author":1,"featured_media":0,"parent":0,"menu_order":0,"comment_status":"closed","ping_status":"closed","template":"","meta":{"footnotes":""},"class_list":["post-32","page","type-page","status-publish","hentry"],"_links":{"self":[{"href":"https:\/\/termspe.flashphys.fr\/index.php?rest_route=\/wp\/v2\/pages\/32","targetHints":{"allow":["GET"]}}],"collection":[{"href":"https:\/\/termspe.flashphys.fr\/index.php?rest_route=\/wp\/v2\/pages"}],"about":[{"href":"https:\/\/termspe.flashphys.fr\/index.php?rest_route=\/wp\/v2\/types\/page"}],"author":[{"embeddable":true,"href":"https:\/\/termspe.flashphys.fr\/index.php?rest_route=\/wp\/v2\/users\/1"}],"replies":[{"embeddable":true,"href":"https:\/\/termspe.flashphys.fr\/index.php?rest_route=%2Fwp%2Fv2%2Fcomments&post=32"}],"version-history":[{"count":6,"href":"https:\/\/termspe.flashphys.fr\/index.php?rest_route=\/wp\/v2\/pages\/32\/revisions"}],"predecessor-version":[{"id":654,"href":"https:\/\/termspe.flashphys.fr\/index.php?rest_route=\/wp\/v2\/pages\/32\/revisions\/654"}],"wp:attachment":[{"href":"https:\/\/termspe.flashphys.fr\/index.php?rest_route=%2Fwp%2Fv2%2Fmedia&parent=32"}],"curies":[{"name":"wp","href":"https:\/\/api.w.org\/{rel}","templated":true}]}}