{"id":31,"date":"2023-09-03T15:06:23","date_gmt":"2023-09-03T13:06:23","guid":{"rendered":"https:\/\/termspe.flashphys.fr\/?page_id=31"},"modified":"2024-11-20T07:49:39","modified_gmt":"2024-11-20T06:49:39","slug":"page-631490e015d6a-html","status":"publish","type":"page","link":"https:\/\/termspe.flashphys.fr\/?page_id=31","title":{"rendered":"Chap 7 : m\u00e9canique c\u00e9leste"},"content":{"rendered":"\n<h1 class=\"wp-block-heading\">Cours complet<\/h1>\n\n\n\n<p><a href=\"http:\/\/termspe.flashphys.fr\/wp-content\/uploads\/2023\/09\/87c3527d788de0bbb1c8219c84c06487.pdf\">Chapitre 7 cours meca celeste.pdf<\/a><\/p>\n\n\n\n<p><a href=\"http:\/\/termspe.flashphys.fr\/wp-content\/uploads\/2023\/09\/f29e43bf243b7541fe3d1035f7bbf24e.pdf\">Chapitre 7 cours meca celeste.pdf<\/a><\/p>\n\n\n\n<p><iframe src=\"\/\/www.youtube.com\/embed\/CGu9rCC3R8E?wmode=transparent\"><\/iframe><\/p>\n\n\n\n<h2 class=\"wp-block-heading\">Fiche de m\u00e9morisation active :<\/h2>\n\n\n\n<div class=\"wp-block-file\"><a id=\"wp-block-file--media-05a3e3d9-9d1b-4119-a940-c2dbcad8a7e3\" href=\"https:\/\/termspe.flashphys.fr\/wp-content\/uploads\/2023\/12\/fiche-memo-chap-7.pdf\">fiche-memo-chap-7<\/a><a href=\"https:\/\/termspe.flashphys.fr\/wp-content\/uploads\/2023\/12\/fiche-memo-chap-7.pdf\" class=\"wp-block-file__button wp-element-button\" download aria-describedby=\"wp-block-file--media-05a3e3d9-9d1b-4119-a940-c2dbcad8a7e3\">T\u00e9l\u00e9charger<\/a><\/div>\n\n\n\n<h2 class=\"wp-block-heading\">TP : les lois de KEPLER<\/h2>\n\n\n\n<div class=\"wp-block-file\"><a id=\"wp-block-file--media-181c4329-0db6-4caa-911e-2c524911a1c4\" href=\"https:\/\/termspe.flashphys.fr\/wp-content\/uploads\/2023\/12\/TP-Kepler2023ultime-1-2.docx\">TP-Kepler2023ultime-1-2<\/a><a href=\"https:\/\/termspe.flashphys.fr\/wp-content\/uploads\/2023\/12\/TP-Kepler2023ultime-1-2.docx\" class=\"wp-block-file__button wp-element-button\" download aria-describedby=\"wp-block-file--media-181c4329-0db6-4caa-911e-2c524911a1c4\">T\u00e9l\u00e9charger<\/a><\/div>\n\n\n\n<div class=\"wp-block-file\"><a id=\"wp-block-file--media-c3a23ff7-8802-42f0-a8c1-e347384b1c03\" href=\"https:\/\/termspe.flashphys.fr\/wp-content\/uploads\/2023\/12\/TP-Kepler2023ultime-.pdf\">TP-Kepler2023ultime-<\/a><\/div>\n\n\n\n<div class=\"wp-block-file\"><a id=\"wp-block-file--media-3685fdf0-fdef-4e24-8990-58e85df4ad6a\" href=\"https:\/\/termspe.flashphys.fr\/wp-content\/uploads\/2023\/12\/venus.csv\">venus<\/a><a href=\"https:\/\/termspe.flashphys.fr\/wp-content\/uploads\/2023\/12\/venus.csv\" class=\"wp-block-file__button wp-element-button\" download aria-describedby=\"wp-block-file--media-3685fdf0-fdef-4e24-8990-58e85df4ad6a\">T\u00e9l\u00e9charger<\/a><\/div>\n\n\n\n<div class=\"wp-block-file\"><a id=\"wp-block-file--media-008e6640-c8fe-48b1-bdb3-f98991e12cae\" href=\"https:\/\/termspe.flashphys.fr\/wp-content\/uploads\/2023\/12\/TP-Kepler2023correction-.pdf\">TP-Kepler2023correction-<\/a><a href=\"https:\/\/termspe.flashphys.fr\/wp-content\/uploads\/2023\/12\/TP-Kepler2023correction-.pdf\" class=\"wp-block-file__button wp-element-button\" download aria-describedby=\"wp-block-file--media-008e6640-c8fe-48b1-bdb3-f98991e12cae\">T\u00e9l\u00e9charger<\/a><\/div>\n\n\n\n<div class=\"wp-block-file\"><a id=\"wp-block-file--media-613cbcb4-33e5-4313-93da-b8afeb51fef3\" href=\"https:\/\/termspe.flashphys.fr\/wp-content\/uploads\/2023\/12\/TP-Kepler2023correction-1-1.docx\">TP-Kepler2023correction-1-1<\/a><a href=\"https:\/\/termspe.flashphys.fr\/wp-content\/uploads\/2023\/12\/TP-Kepler2023correction-1-1.docx\" class=\"wp-block-file__button wp-element-button\" download aria-describedby=\"wp-block-file--media-613cbcb4-33e5-4313-93da-b8afeb51fef3\">T\u00e9l\u00e9charger<\/a><\/div>\n\n\n\n<h2 class=\"wp-block-heading\">Exercices<\/h2>\n\n\n\n<div class=\"wp-block-file\"><a id=\"wp-block-file--media-7c1cde11-b1a0-4808-b74b-592ee5051cd4\" href=\"https:\/\/termspe.flashphys.fr\/wp-content\/uploads\/2023\/12\/Exercice-type-BAC-kepler.pdf\">Exercice-type-BAC-kepler<\/a><\/div>\n\n\n\n<div class=\"wp-block-file\"><a id=\"wp-block-file--media-f7ec009f-34b7-4f6c-af6d-78bf7dc891a2\" href=\"https:\/\/termspe.flashphys.fr\/wp-content\/uploads\/2023\/12\/Exercice-type-BAC-kepler.docx\">Exercice-type-BAC-kepler<\/a><\/div>\n\n\n\n<p><a href=\"http:\/\/termspe.flashphys.fr\/wp-content\/uploads\/2023\/09\/c71cac98376ec2f4654162692dba7fcc.docx\">Exercices meca celeste.docx<\/a><\/p>\n\n\n\n<p><a href=\"http:\/\/termspe.flashphys.fr\/wp-content\/uploads\/2023\/09\/b8574a01f78c6ce56cc5d5ae0a330360.docx\">Exercices meca celeste correction.docx<\/a><\/p>\n\n\n\n<h2 class=\"wp-block-heading\">R\u00e9sum\u00e9<\/h2>\n\n\n\n<p><a href=\"http:\/\/termspe.flashphys.fr\/wp-content\/uploads\/2023\/09\/362fe90beb3c22e7d85fa9b44357f3bb.pdf\">r\u00e9sum\u00e9 chap 7 meca celeste.pdf<\/a><\/p>\n","protected":false},"excerpt":{"rendered":"<p>Cours complet Chapitre 7 cours meca celeste.pdf Chapitre 7 cours meca celeste.pdf Fiche de m\u00e9morisation active : TP : les lois de KEPLER Exercices Exercices meca celeste.docx Exercices meca celeste correction.docx R\u00e9sum\u00e9 r\u00e9sum\u00e9 chap 7 meca celeste.pdf<\/p>\n","protected":false},"author":1,"featured_media":0,"parent":0,"menu_order":0,"comment_status":"closed","ping_status":"closed","template":"","meta":{"footnotes":""},"class_list":["post-31","page","type-page","status-publish","hentry"],"_links":{"self":[{"href":"https:\/\/termspe.flashphys.fr\/index.php?rest_route=\/wp\/v2\/pages\/31","targetHints":{"allow":["GET"]}}],"collection":[{"href":"https:\/\/termspe.flashphys.fr\/index.php?rest_route=\/wp\/v2\/pages"}],"about":[{"href":"https:\/\/termspe.flashphys.fr\/index.php?rest_route=\/wp\/v2\/types\/page"}],"author":[{"embeddable":true,"href":"https:\/\/termspe.flashphys.fr\/index.php?rest_route=\/wp\/v2\/users\/1"}],"replies":[{"embeddable":true,"href":"https:\/\/termspe.flashphys.fr\/index.php?rest_route=%2Fwp%2Fv2%2Fcomments&post=31"}],"version-history":[{"count":10,"href":"https:\/\/termspe.flashphys.fr\/index.php?rest_route=\/wp\/v2\/pages\/31\/revisions"}],"predecessor-version":[{"id":724,"href":"https:\/\/termspe.flashphys.fr\/index.php?rest_route=\/wp\/v2\/pages\/31\/revisions\/724"}],"wp:attachment":[{"href":"https:\/\/termspe.flashphys.fr\/index.php?rest_route=%2Fwp%2Fv2%2Fmedia&parent=31"}],"curies":[{"name":"wp","href":"https:\/\/api.w.org\/{rel}","templated":true}]}}