{"id":28,"date":"2023-09-03T15:06:21","date_gmt":"2023-09-03T13:06:21","guid":{"rendered":"https:\/\/termspe.flashphys.fr\/?page_id=28"},"modified":"2024-12-01T16:10:44","modified_gmt":"2024-12-01T15:10:44","slug":"page-631490e13c37e-html","status":"publish","type":"page","link":"https:\/\/termspe.flashphys.fr\/?page_id=28","title":{"rendered":"Chap 8 : Cin\u00e9tique chimique"},"content":{"rendered":"\n<h1 class=\"wp-block-heading\">Cours complet<\/h1>\n\n\n\n<p><a href=\"http:\/\/termspe.flashphys.fr\/wp-content\/uploads\/2023\/09\/7f636a473ba06f69ab86db786d1adbd9.pdf\">8 cin\u00e9tique chimique.pdf<\/a><\/p>\n\n\n\n<p><a href=\"http:\/\/termspe.flashphys.fr\/wp-content\/uploads\/2023\/09\/4d636f2ca507a58640f2999a1dba6bea.pdf\">cin\u00e9tique chimique correction.pdf<\/a><\/p>\n\n\n\n<p><iframe src=\"\/\/www.youtube.com\/embed\/DQ4YVqWhHZc?wmode=transparent\"><\/iframe><\/p>\n\n\n\n<h2 class=\"wp-block-heading\">Cours rapide<\/h2>\n\n\n\n<p><iframe src=\"\/\/www.youtube.com\/embed\/06EmrbJwOuE?wmode=transparent\"><\/iframe><iframe src=\"\/\/www.youtube.com\/embed\/2qHITP48gNs?wmode=transparent\"><\/iframe><iframe src=\"\/\/www.youtube.com\/embed\/AXecNT_0uQA?wmode=transparent\"><\/iframe><\/p>\n\n\n\n<h2 class=\"wp-block-heading\">Rappel de math\u00e9matiques : exponentielle et logarithme<\/h2>\n\n\n\n<p><a href=\"http:\/\/termspe.flashphys.fr\/wp-content\/uploads\/2023\/09\/322c4f506fee5502e1078d9a96c0917b.pdf\">R\u00e9sum\u00e9FonctionsExpoEtLn.pdf<\/a><\/p>\n\n\n\n<h2 class=\"wp-block-heading\">TP : les facteurs cin\u00e9tiques<\/h2>\n\n\n\n<p><a href=\"http:\/\/termspe.flashphys.fr\/wp-content\/uploads\/2023\/09\/ee3272e842b3c6e7d4eb2da970a232cc.pdf\">tp facteurs cin\u00e9tiques.pdf<\/a><\/p>\n\n\n\n<h3 class=\"wp-block-heading\">Vid\u00e9o 1<\/h3>\n\n\n\n<p><iframe src=\"\/\/www.youtube.com\/embed\/9biu7kA6st0?wmode=transparent\"><\/iframe><\/p>\n\n\n\n<h3 class=\"wp-block-heading\">Vid\u00e9o 2<\/h3>\n\n\n\n<p><iframe src=\"\/\/www.youtube.com\/embed\/7Wt4LjRxp58?wmode=transparent\"><\/iframe><\/p>\n\n\n\n<h2 class=\"wp-block-heading\">TP : suivi cin\u00e9tique par mesure d&#8217;absorbance, loi d&#8217;ordre 1 (Python)<\/h2>\n\n\n\n<p><a href=\"http:\/\/termspe.flashphys.fr\/wp-content\/uploads\/2023\/09\/981dc0f6898168b3aff79813c7c56583.docx\">TPcinetique ordre 1 \u00e9l\u00e8ve.docx<\/a><\/p>\n\n\n\n<h2 class=\"wp-block-heading\">Exercices<\/h2>\n\n\n\n<p><a href=\"http:\/\/termspe.flashphys.fr\/wp-content\/uploads\/2023\/09\/2d230a8e0c1c4fce70df140876ece158.pdf\">Exercices cin\u00e9tique chimique.pdf<\/a><\/p>\n\n\n\n<p><a href=\"http:\/\/termspe.flashphys.fr\/wp-content\/uploads\/2023\/09\/a865f7fd5f9633da9b397f2b56a5a215.docx\">exo cinetique corrig\u00e9 hatier.docx<\/a><\/p>\n\n\n\n<h2 class=\"wp-block-heading\">Soutien : exercice<\/h2>\n\n\n\n<p><a href=\"http:\/\/termspe.flashphys.fr\/wp-content\/uploads\/2023\/09\/c9fe6e4627e4005a468ab80ea4e21d11.pdf\">Soutien exo cinetique.pdf<\/a><\/p>\n\n\n\n<h2 class=\"wp-block-heading\">R\u00e9sum\u00e9<\/h2>\n\n\n\n<p><a href=\"http:\/\/termspe.flashphys.fr\/wp-content\/uploads\/2023\/09\/d45ba2aa8cbe17eca3f9331f030cc455.pdf\">r\u00e9sum\u00e9 cin\u00e9tique.pdf<\/a><\/p>\n","protected":false},"excerpt":{"rendered":"<p>Cours complet 8 cin\u00e9tique chimique.pdf cin\u00e9tique chimique correction.pdf Cours rapide Rappel de math\u00e9matiques : exponentielle et logarithme R\u00e9sum\u00e9FonctionsExpoEtLn.pdf TP : les facteurs cin\u00e9tiques tp facteurs cin\u00e9tiques.pdf Vid\u00e9o 1 Vid\u00e9o 2 TP : suivi cin\u00e9tique par mesure d&#8217;absorbance, loi d&#8217;ordre 1 (Python) TPcinetique ordre 1 \u00e9l\u00e8ve.docx Exercices Exercices cin\u00e9tique chimique.pdf exo cinetique corrig\u00e9 hatier.docx Soutien :&hellip;<\/p>\n","protected":false},"author":1,"featured_media":0,"parent":0,"menu_order":0,"comment_status":"closed","ping_status":"closed","template":"","meta":{"footnotes":""},"class_list":["post-28","page","type-page","status-publish","hentry"],"_links":{"self":[{"href":"https:\/\/termspe.flashphys.fr\/index.php?rest_route=\/wp\/v2\/pages\/28","targetHints":{"allow":["GET"]}}],"collection":[{"href":"https:\/\/termspe.flashphys.fr\/index.php?rest_route=\/wp\/v2\/pages"}],"about":[{"href":"https:\/\/termspe.flashphys.fr\/index.php?rest_route=\/wp\/v2\/types\/page"}],"author":[{"embeddable":true,"href":"https:\/\/termspe.flashphys.fr\/index.php?rest_route=\/wp\/v2\/users\/1"}],"replies":[{"embeddable":true,"href":"https:\/\/termspe.flashphys.fr\/index.php?rest_route=%2Fwp%2Fv2%2Fcomments&post=28"}],"version-history":[{"count":3,"href":"https:\/\/termspe.flashphys.fr\/index.php?rest_route=\/wp\/v2\/pages\/28\/revisions"}],"predecessor-version":[{"id":717,"href":"https:\/\/termspe.flashphys.fr\/index.php?rest_route=\/wp\/v2\/pages\/28\/revisions\/717"}],"wp:attachment":[{"href":"https:\/\/termspe.flashphys.fr\/index.php?rest_route=%2Fwp%2Fv2%2Fmedia&parent=28"}],"curies":[{"name":"wp","href":"https:\/\/api.w.org\/{rel}","templated":true}]}}