{"id":27,"date":"2023-09-03T15:06:20","date_gmt":"2023-09-03T13:06:20","guid":{"rendered":"https:\/\/termspe.flashphys.fr\/?page_id=27"},"modified":"2025-01-26T20:05:51","modified_gmt":"2025-01-26T19:05:51","slug":"page-612dc796c4a06-html","status":"publish","type":"page","link":"https:\/\/termspe.flashphys.fr\/?page_id=27","title":{"rendered":"Chap 11 : radioactivit\u00e9"},"content":{"rendered":"\n<h1 class=\"wp-block-heading\">Cours complet<\/h1>\n\n\n\n<p><a href=\"http:\/\/termspe.flashphys.fr\/wp-content\/uploads\/2023\/09\/7cf400bb1dd30818bd94c56ae7528325.pdf\">cours radioactivite.pdf<\/a><\/p>\n\n\n\n<p class=\"has-large-font-size\"><strong>Fiche de m\u00e9morisation<\/strong><\/p>\n\n\n\n<div class=\"wp-block-file\"><a id=\"wp-block-file--media-285704cc-0cd4-4a3f-b234-1fd7c1ff3bc1\" href=\"https:\/\/termspe.flashphys.fr\/wp-content\/uploads\/2025\/01\/fiche-memocorrige-chap-11-radioactivite.docx\">fiche memocorrig\u00e9 chap 11 radioactivit\u00e9<\/a><a href=\"https:\/\/termspe.flashphys.fr\/wp-content\/uploads\/2025\/01\/fiche-memocorrige-chap-11-radioactivite.docx\" class=\"wp-block-file__button wp-element-button\" download aria-describedby=\"wp-block-file--media-285704cc-0cd4-4a3f-b234-1fd7c1ff3bc1\">T\u00e9l\u00e9charger<\/a><\/div>\n\n\n\n<p><iframe src=\"\/\/www.youtube.com\/embed\/-pHbUzRCQZc?wmode=transparent\"><\/iframe><\/p>\n\n\n\n<h2 class=\"wp-block-heading\">Activit\u00e9 (avec regressi ou un tableur) : loi de d\u00e9croissance radioactive<\/h2>\n\n\n\n<p><a href=\"http:\/\/termspe.flashphys.fr\/wp-content\/uploads\/2023\/09\/14b68230dc4afa6a8d5e588f11429c9a.docx\">activit\u00e9 Loi de decroissance.docx<\/a><\/p>\n\n\n\n<p><a href=\"http:\/\/termspe.flashphys.fr\/wp-content\/uploads\/2023\/09\/a984fa72b442b340b32dbae4c23cae90.csv\">activit\u00e9 radioactivit\u00e9.csv<\/a><\/p>\n\n\n\n<h2 class=\"wp-block-heading\">Exercices<\/h2>\n\n\n\n<p><iframe src=\"\/\/www.youtube.com\/embed\/VHkqfGZaB8A?wmode=transparent\"><\/iframe><iframe src=\"\/\/www.youtube.com\/embed\/nPkbFaDZziI?wmode=transparent\"><\/iframe><iframe src=\"\/\/www.youtube.com\/embed\/Q0HbTI-SKu4?wmode=transparent\"><\/iframe><iframe src=\"\/\/www.youtube.com\/embed\/QquemzZ-sUk?wmode=transparent\"><\/iframe><iframe src=\"\/\/www.youtube.com\/embed\/uR4pW3CVzKY?wmode=transparent\"><\/iframe><iframe src=\"\/\/www.youtube.com\/embed\/I__shqICJxw?wmode=transparent\"><\/iframe><iframe src=\"\/\/www.youtube.com\/embed\/7gxadhN9dqI?wmode=transparent\"><\/iframe><iframe src=\"\/\/www.youtube.com\/embed\/z32XMNTlAJw?wmode=transparent\"><\/iframe><iframe src=\"\/\/www.youtube.com\/embed\/SvloS8oHj2I?wmode=transparent\"><\/iframe><iframe src=\"\/\/www.youtube.com\/embed\/6liJ7GV9258?wmode=transparent\"><\/iframe><iframe src=\"\/\/www.youtube.com\/embed\/ubHR07URzf0?wmode=transparent\"><\/iframe><\/p>\n\n\n\n<p><a href=\"http:\/\/termspe.flashphys.fr\/wp-content\/uploads\/2023\/09\/0dfa6d46a16ed217c3913f0b67f5b89f.pdf\">exo scintigraphie.pdf<\/a><\/p>\n\n\n\n<p><iframe src=\"\/\/www.youtube.com\/embed\/-2Pk3jhyKD4?wmode=transparent\"><\/iframe><\/p>\n\n\n\n<h2 class=\"wp-block-heading\">Vid\u00e9os sur la radioactivit\u00e9 tr\u00e8s int\u00e9ressantes<\/h2>\n\n\n\n<p><iframe src=\"\/\/www.youtube.com\/embed\/9AJ-r5RIsP8?wmode=transparent\"><\/iframe><iframe src=\"\/\/www.youtube.com\/embed\/NtOJ2HhyBmQ?wmode=transparent\"><\/iframe><\/p>\n","protected":false},"excerpt":{"rendered":"<p>Cours complet cours radioactivite.pdf Fiche de m\u00e9morisation Activit\u00e9 (avec regressi ou un tableur) : loi de d\u00e9croissance radioactive activit\u00e9 Loi de decroissance.docx activit\u00e9 radioactivit\u00e9.csv Exercices exo scintigraphie.pdf Vid\u00e9os sur la radioactivit\u00e9 tr\u00e8s int\u00e9ressantes<\/p>\n","protected":false},"author":1,"featured_media":0,"parent":0,"menu_order":0,"comment_status":"closed","ping_status":"closed","template":"","meta":{"footnotes":""},"class_list":["post-27","page","type-page","status-publish","hentry"],"_links":{"self":[{"href":"https:\/\/termspe.flashphys.fr\/index.php?rest_route=\/wp\/v2\/pages\/27","targetHints":{"allow":["GET"]}}],"collection":[{"href":"https:\/\/termspe.flashphys.fr\/index.php?rest_route=\/wp\/v2\/pages"}],"about":[{"href":"https:\/\/termspe.flashphys.fr\/index.php?rest_route=\/wp\/v2\/types\/page"}],"author":[{"embeddable":true,"href":"https:\/\/termspe.flashphys.fr\/index.php?rest_route=\/wp\/v2\/users\/1"}],"replies":[{"embeddable":true,"href":"https:\/\/termspe.flashphys.fr\/index.php?rest_route=%2Fwp%2Fv2%2Fcomments&post=27"}],"version-history":[{"count":4,"href":"https:\/\/termspe.flashphys.fr\/index.php?rest_route=\/wp\/v2\/pages\/27\/revisions"}],"predecessor-version":[{"id":798,"href":"https:\/\/termspe.flashphys.fr\/index.php?rest_route=\/wp\/v2\/pages\/27\/revisions\/798"}],"wp:attachment":[{"href":"https:\/\/termspe.flashphys.fr\/index.php?rest_route=%2Fwp%2Fv2%2Fmedia&parent=27"}],"curies":[{"name":"wp","href":"https:\/\/api.w.org\/{rel}","templated":true}]}}