{"id":25,"date":"2023-09-03T15:06:20","date_gmt":"2023-09-03T13:06:20","guid":{"rendered":"https:\/\/termspe.flashphys.fr\/?page_id=25"},"modified":"2025-02-14T13:13:00","modified_gmt":"2025-02-14T12:13:00","slug":"page-612dc7912b3d3-html","status":"publish","type":"page","link":"https:\/\/termspe.flashphys.fr\/?page_id=25","title":{"rendered":"Chap 17 : \u00e9volution forc\u00e9e d&#8217;un syst\u00e8me"},"content":{"rendered":"\n<h1 class=\"wp-block-heading\">Cours complet<\/h1>\n\n\n\n<p><a href=\"http:\/\/termspe.flashphys.fr\/wp-content\/uploads\/2023\/09\/30228a07422db0140c624322574eaa0b.pdf\">chapitre 17 r\u00e9actions forc\u00e9es videos.pdf<\/a><\/p>\n\n\n\n<p><iframe src=\"\/\/www.youtube.com\/embed\/pG-tw5rO9wI?wmode=transparent\"><\/iframe><\/p>\n\n\n\n<h2 class=\"wp-block-heading\">Exercices corrig\u00e9s<\/h2>\n\n\n\n<p><a href=\"http:\/\/termspe.flashphys.fr\/wp-content\/uploads\/2023\/09\/3519d1c2f5f5b57a4e923546b45fbe7f.pdf\">exos electrolyse.pdf<\/a><\/p>\n\n\n\n<p><iframe src=\"\/\/www.youtube.com\/embed\/e7RI6qUKMZs?wmode=transparent\"><\/iframe><iframe src=\"\/\/www.youtube.com\/embed\/wwE6AtiukT8?wmode=transparent\"><\/iframe><iframe src=\"\/\/www.youtube.com\/embed\/PpXBzvtPBA0?wmode=transparent\"><\/iframe><iframe src=\"\/\/www.youtube.com\/embed\/plq-7wx-ANI?wmode=transparent\"><\/iframe><iframe src=\"\/\/www.youtube.com\/embed\/cYLWnuxsGy4?wmode=transparent\"><\/iframe><iframe src=\"\/\/www.youtube.com\/embed\/DDEyXynt-38?wmode=transparent\"><\/iframe><\/p>\n\n\n\n<p><a href=\"http:\/\/termspe.flashphys.fr\/wp-content\/uploads\/2023\/09\/dd74a372e836595e9b29d5882cae4ded.pdf\">exo traitement .pdf<\/a><\/p>\n\n\n\n<p><iframe src=\"\/\/www.youtube.com\/embed\/7kyTXmRTvtY?wmode=transparent\"><\/iframe><\/p>\n\n\n\n<p><a href=\"http:\/\/termspe.flashphys.fr\/wp-content\/uploads\/2023\/09\/807998cae1295440137d0e31af94f593.pdf\">c&#8217;est nickel.pdf<\/a><\/p>\n\n\n\n<p><iframe src=\"\/\/www.youtube.com\/embed\/FNUQM9_K55E?wmode=transparent\"><\/iframe><\/p>\n\n\n\n<p><a href=\"http:\/\/termspe.flashphys.fr\/wp-content\/uploads\/2023\/09\/05a3e2257004f3af98341b8f40c95db9.pdf\">casserole electrolyse.pdf<\/a><\/p>\n\n\n\n<p><iframe src=\"\/\/www.youtube.com\/embed\/wRkbIRRfozg?wmode=transparent\"><\/iframe><\/p>\n","protected":false},"excerpt":{"rendered":"<p>Cours complet chapitre 17 r\u00e9actions forc\u00e9es videos.pdf Exercices corrig\u00e9s exos electrolyse.pdf exo traitement .pdf c&#8217;est nickel.pdf casserole electrolyse.pdf<\/p>\n","protected":false},"author":1,"featured_media":0,"parent":0,"menu_order":0,"comment_status":"closed","ping_status":"closed","template":"","meta":{"footnotes":""},"class_list":["post-25","page","type-page","status-publish","hentry"],"_links":{"self":[{"href":"https:\/\/termspe.flashphys.fr\/index.php?rest_route=\/wp\/v2\/pages\/25","targetHints":{"allow":["GET"]}}],"collection":[{"href":"https:\/\/termspe.flashphys.fr\/index.php?rest_route=\/wp\/v2\/pages"}],"about":[{"href":"https:\/\/termspe.flashphys.fr\/index.php?rest_route=\/wp\/v2\/types\/page"}],"author":[{"embeddable":true,"href":"https:\/\/termspe.flashphys.fr\/index.php?rest_route=\/wp\/v2\/users\/1"}],"replies":[{"embeddable":true,"href":"https:\/\/termspe.flashphys.fr\/index.php?rest_route=%2Fwp%2Fv2%2Fcomments&post=25"}],"version-history":[{"count":3,"href":"https:\/\/termspe.flashphys.fr\/index.php?rest_route=\/wp\/v2\/pages\/25\/revisions"}],"predecessor-version":[{"id":526,"href":"https:\/\/termspe.flashphys.fr\/index.php?rest_route=\/wp\/v2\/pages\/25\/revisions\/526"}],"wp:attachment":[{"href":"https:\/\/termspe.flashphys.fr\/index.php?rest_route=%2Fwp%2Fv2%2Fmedia&parent=25"}],"curies":[{"name":"wp","href":"https:\/\/api.w.org\/{rel}","templated":true}]}}