{"id":24,"date":"2023-09-03T15:06:20","date_gmt":"2023-09-03T13:06:20","guid":{"rendered":"https:\/\/termspe.flashphys.fr\/?page_id=24"},"modified":"2023-12-10T11:14:27","modified_gmt":"2023-12-10T10:14:27","slug":"page-613db3f00eb8d-html","status":"publish","type":"page","link":"https:\/\/termspe.flashphys.fr\/?page_id=24","title":{"rendered":"Notions math\u00e9matiques"},"content":{"rendered":"\n<h2 class=\"wp-block-heading\">Fiche m\u00e9thode sur le logarithme d\u00e9cimal LOG<\/h2>\n\n\n\n<p><a href=\"http:\/\/termspe.flashphys.fr\/wp-content\/uploads\/2023\/09\/857ac746d9ccdfc9627e664117a6c4bc.pdf\" target=\"_blank\" rel=\"noreferrer noopener\">fiche m\u00e9thode log.pdf<\/a><\/p>\n\n\n\n<h2 class=\"wp-block-heading\">Fiche m\u00e9thode : faire une r\u00e9gression lin\u00e9aire avec sa calculatrice<\/h2>\n\n\n\n<p><a href=\"http:\/\/termspe.flashphys.fr\/wp-content\/uploads\/2023\/09\/3a576a62ae03138b30b128514a1038fb.pdf\" target=\"_blank\" rel=\"noreferrer noopener\">REGRESSION LINEAIRE AVEC CALCULATRICE.pdf<\/a><\/p>\n\n\n\n<p style=\"font-size:28px\">Projeter un vecteur dans un rep\u00e8re cart\u00e9sien<\/p>\n\n\n\n<div class=\"wp-block-file\"><a id=\"wp-block-file--media-3bac52af-0c27-4b66-9ce7-16fa63b18f74\" href=\"https:\/\/termspe.flashphys.fr\/wp-content\/uploads\/2023\/12\/projeter-vecteur.pdf\">projeter-vecteur<\/a><\/div>\n\n\n\n<p style=\"font-size:28px\">\u00c9quations diff\u00e9rentielles<\/p>\n\n\n\n<div class=\"wp-block-file\"><a id=\"wp-block-file--media-e5937f9e-7616-441d-944d-52f4953526c2\" href=\"https:\/\/termspe.flashphys.fr\/wp-content\/uploads\/2023\/12\/Fiche-Equations-differentielles.pdf\">Fiche-Equations-differentielles<\/a><\/div>\n","protected":false},"excerpt":{"rendered":"<p>Fiche m\u00e9thode sur le logarithme d\u00e9cimal LOG fiche m\u00e9thode log.pdf Fiche m\u00e9thode : faire une r\u00e9gression lin\u00e9aire avec sa calculatrice REGRESSION LINEAIRE AVEC CALCULATRICE.pdf Projeter un vecteur dans un rep\u00e8re cart\u00e9sien \u00c9quations diff\u00e9rentielles<\/p>\n","protected":false},"author":1,"featured_media":0,"parent":0,"menu_order":0,"comment_status":"closed","ping_status":"closed","template":"","meta":{"footnotes":""},"class_list":["post-24","page","type-page","status-publish","hentry"],"_links":{"self":[{"href":"https:\/\/termspe.flashphys.fr\/index.php?rest_route=\/wp\/v2\/pages\/24","targetHints":{"allow":["GET"]}}],"collection":[{"href":"https:\/\/termspe.flashphys.fr\/index.php?rest_route=\/wp\/v2\/pages"}],"about":[{"href":"https:\/\/termspe.flashphys.fr\/index.php?rest_route=\/wp\/v2\/types\/page"}],"author":[{"embeddable":true,"href":"https:\/\/termspe.flashphys.fr\/index.php?rest_route=\/wp\/v2\/users\/1"}],"replies":[{"embeddable":true,"href":"https:\/\/termspe.flashphys.fr\/index.php?rest_route=%2Fwp%2Fv2%2Fcomments&post=24"}],"version-history":[{"count":5,"href":"https:\/\/termspe.flashphys.fr\/index.php?rest_route=\/wp\/v2\/pages\/24\/revisions"}],"predecessor-version":[{"id":710,"href":"https:\/\/termspe.flashphys.fr\/index.php?rest_route=\/wp\/v2\/pages\/24\/revisions\/710"}],"wp:attachment":[{"href":"https:\/\/termspe.flashphys.fr\/index.php?rest_route=%2Fwp%2Fv2%2Fmedia&parent=24"}],"curies":[{"name":"wp","href":"https:\/\/api.w.org\/{rel}","templated":true}]}}