{"id":22,"date":"2023-09-03T15:06:17","date_gmt":"2023-09-03T13:06:17","guid":{"rendered":"https:\/\/termspe.flashphys.fr\/?page_id=22"},"modified":"2024-09-11T18:52:04","modified_gmt":"2024-09-11T16:52:04","slug":"page-612dc74fb3ee4-html","status":"publish","type":"page","link":"https:\/\/termspe.flashphys.fr\/?page_id=22","title":{"rendered":"Nomenclature de chimie organique (1\u00e8re)"},"content":{"rendered":"\n<h1 class=\"wp-block-heading\">Rappel : nomenclature en chimie organique<\/h1>\n\n\n\n<figure class=\"wp-block-image\"><img decoding=\"async\" src=\"https:\/\/monsite.woopic.com\/383\/f\/300x\/p\/phyromtermspe\/img\/26476a50a7a1fcfbba886bc0dc4cbba1.png\" alt=\"famille orga\"\/><\/figure>\n\n\n\n<p><iframe src=\"\/\/www.youtube.com\/embed\/ht0UtSN5VTo?wmode=transparent\"><\/iframe><iframe src=\"\/\/www.youtube.com\/embed\/i9kWruZdidg?wmode=transparent\"><\/iframe><iframe src=\"\/\/www.youtube.com\/embed\/zIlEP_nRSAE?wmode=transparent\"><\/iframe><\/p>\n\n\n\n<h2 class=\"wp-block-heading\">Cours complet<\/h2>\n\n\n\n<div class=\"wp-block-file\"><a id=\"wp-block-file--media-2aa2a1de-47b8-4310-94fe-85f2f7feee9e\" href=\"https:\/\/termspe.flashphys.fr\/wp-content\/uploads\/2024\/09\/cours-molecules-organiques.docx\">cours mol\u00e9cules organiques<\/a><a href=\"https:\/\/termspe.flashphys.fr\/wp-content\/uploads\/2024\/09\/cours-molecules-organiques.docx\" class=\"wp-block-file__button wp-element-button\" download aria-describedby=\"wp-block-file--media-2aa2a1de-47b8-4310-94fe-85f2f7feee9e\">Download<\/a><\/div>\n\n\n\n<h2 class=\"wp-block-heading\"><span>Exercices d&#8217;entrainemen<\/span><span>t (il n&#8217;y a pas les amines, amides et esters)<\/span><\/h2>\n\n\n\n<div class=\"wp-block-file\"><a id=\"wp-block-file--media-2a98d436-3821-445a-8d24-354c493e4e88\" href=\"https:\/\/termspe.flashphys.fr\/wp-content\/uploads\/2024\/09\/exo-molecules-organiques2024.docx\">exo molecules organiques2024<\/a><a href=\"https:\/\/termspe.flashphys.fr\/wp-content\/uploads\/2024\/09\/exo-molecules-organiques2024.docx\" class=\"wp-block-file__button wp-element-button\" download aria-describedby=\"wp-block-file--media-2a98d436-3821-445a-8d24-354c493e4e88\">Download<\/a><\/div>\n\n\n\n<p><a href=\"http:\/\/termspe.flashphys.fr\/wp-content\/uploads\/2023\/09\/b3fad21fbd1efdf2e1812aaa01dc0e21.pdf\">corrig\u00e9 exo molecules organiques1.pdf<\/a><\/p>\n\n\n\n<div class=\"wp-block-file\"><a id=\"wp-block-file--media-5ee91435-b63d-4d43-992f-5a27a31decc2\" href=\"https:\/\/termspe.flashphys.fr\/wp-content\/uploads\/2024\/09\/correction-nomenclature.pdf\">correction nomenclature<\/a><a href=\"https:\/\/termspe.flashphys.fr\/wp-content\/uploads\/2024\/09\/correction-nomenclature.pdf\" class=\"wp-block-file__button wp-element-button\" download aria-describedby=\"wp-block-file--media-5ee91435-b63d-4d43-992f-5a27a31decc2\">Download<\/a><\/div>\n\n\n\n<h2 class=\"wp-block-heading\"><span>Exo interactif&nbsp;<\/span><\/h2>\n\n\n\n<p>http:\/\/chimie.ostralo.net\/fonctionsorganiques\/<\/p>\n\n\n\n<h2 class=\"wp-block-heading\">Fiche de synth\u00e8se avec toutes les familles ( \u00e0 apprendre par c\u0153ur&nbsp; )<\/h2>\n\n\n\n<p><a href=\"http:\/\/termspe.flashphys.fr\/wp-content\/uploads\/2023\/09\/b9dd5151c3829afb055f0f346a50211f.pdf\">M\u00e9mo.pdf<\/a><\/p>\n","protected":false},"excerpt":{"rendered":"<p>Rappel : nomenclature en chimie organique Cours complet Exercices d&#8217;entrainement (il n&#8217;y a pas les amines, amides et esters) corrig\u00e9 exo molecules organiques1.pdf Exo interactif&nbsp; http:\/\/chimie.ostralo.net\/fonctionsorganiques\/ Fiche de synth\u00e8se avec toutes les familles ( \u00e0 apprendre par c\u0153ur&nbsp; ) M\u00e9mo.pdf<\/p>\n","protected":false},"author":1,"featured_media":0,"parent":0,"menu_order":0,"comment_status":"closed","ping_status":"closed","template":"","meta":{"footnotes":""},"class_list":["post-22","page","type-page","status-publish","hentry"],"_links":{"self":[{"href":"https:\/\/termspe.flashphys.fr\/index.php?rest_route=\/wp\/v2\/pages\/22","targetHints":{"allow":["GET"]}}],"collection":[{"href":"https:\/\/termspe.flashphys.fr\/index.php?rest_route=\/wp\/v2\/pages"}],"about":[{"href":"https:\/\/termspe.flashphys.fr\/index.php?rest_route=\/wp\/v2\/types\/page"}],"author":[{"embeddable":true,"href":"https:\/\/termspe.flashphys.fr\/index.php?rest_route=\/wp\/v2\/users\/1"}],"replies":[{"embeddable":true,"href":"https:\/\/termspe.flashphys.fr\/index.php?rest_route=%2Fwp%2Fv2%2Fcomments&post=22"}],"version-history":[{"count":3,"href":"https:\/\/termspe.flashphys.fr\/index.php?rest_route=\/wp\/v2\/pages\/22\/revisions"}],"predecessor-version":[{"id":773,"href":"https:\/\/termspe.flashphys.fr\/index.php?rest_route=\/wp\/v2\/pages\/22\/revisions\/773"}],"wp:attachment":[{"href":"https:\/\/termspe.flashphys.fr\/index.php?rest_route=%2Fwp%2Fv2%2Fmedia&parent=22"}],"curies":[{"name":"wp","href":"https:\/\/api.w.org\/{rel}","templated":true}]}}