{"id":21,"date":"2023-09-03T15:06:17","date_gmt":"2023-09-03T13:06:17","guid":{"rendered":"https:\/\/termspe.flashphys.fr\/?page_id=21"},"modified":"2025-02-14T13:13:58","modified_gmt":"2025-02-14T12:13:58","slug":"page-5ff33bf513db6-html","status":"publish","type":"page","link":"https:\/\/termspe.flashphys.fr\/?page_id=21","title":{"rendered":"Chap 18 : strat\u00e9gies en synth\u00e8se organique"},"content":{"rendered":"\n<h1 class=\"wp-block-heading\">R\u00e9vision : cours de 1\u00e8re synth\u00e8se organique<\/h1>\n\n\n\n<p>R\u00e9vision ; nomenclature des mol\u00e9cules de base<\/p>\n\n\n\n<p><a href=\"https:\/\/forms.gle\/j8Kh4v9pma42q6TPA\">nomenclature base<\/a><\/p>\n\n\n\n<p>Test sur le cours synth\u00e8se niveau premi\u00e8re<\/p>\n\n\n\n<p><iframe src=\"\/\/www.youtube.com\/embed\/7wSobhpawTU?wmode=transparent\"><\/iframe><\/p>\n\n\n\n<p><a href=\"http:\/\/termspe.flashphys.fr\/wp-content\/uploads\/2023\/09\/f0c1818804ea1f13d7e06858c821c2da.pdf\">cours synth\u00e8se organique new.pdf<\/a><\/p>\n\n\n\n<h2 class=\"wp-block-heading\">Cours complet<\/h2>\n\n\n\n<p><a href=\"http:\/\/termspe.flashphys.fr\/wp-content\/uploads\/2023\/09\/a7a9f7d9d5020630d1f53e9eda58b3ad.docx\">cours strategie en synthese orga.docx<\/a><\/p>\n\n\n\n<h2 class=\"wp-block-heading\">Cours rapide<\/h2>\n\n\n\n<p><iframe src=\"\/\/www.youtube.com\/embed\/k5L-gGmQbPc?wmode=transparent\"><\/iframe><\/p>\n\n\n\n<h2 class=\"wp-block-heading\">TP : Optimisation de la vitesse de formation d&#8217;un produit et du rendement de synth\u00e8se<\/h2>\n\n\n\n<p><a href=\"http:\/\/termspe.flashphys.fr\/wp-content\/uploads\/2023\/09\/ae5aaccb5c7de7cdf0c3f919454d1f91.docx\">TP synthe\u0300se.docx<\/a><\/p>\n\n\n\n<h2 class=\"wp-block-heading\">Exercices de base sur le rendement<\/h2>\n\n\n\n<p><a href=\"http:\/\/termspe.flashphys.fr\/wp-content\/uploads\/2023\/09\/259472bfb913cdea1d19033878e66403.pdf\">exo synthese.pdf<\/a><\/p>\n\n\n\n<h2 class=\"wp-block-heading\">TP : synth\u00e8se de l&#8217;aspirine<\/h2>\n\n\n\n<p><a href=\"http:\/\/termspe.flashphys.fr\/wp-content\/uploads\/2023\/09\/b88b6e6e2620a682949fc41fef2fba9f.docx\">tp_hemisynthese__aspirine.docx<\/a><\/p>\n\n\n\n<h2 class=\"wp-block-heading\">Exercices sur la nomenclature des esters, amines et amides<\/h2>\n\n\n\n<p><a href=\"http:\/\/termspe.flashphys.fr\/wp-content\/uploads\/2023\/09\/ead3d5deb2da121247d2ff9ea89e055f.pdf\">exo nomenclature \u00e9l\u00e8ves.pdf<\/a><\/p>\n\n\n\n<h2 class=\"wp-block-heading\">Correction exo nomenclature<\/h2>\n\n\n\n<p><a href=\"http:\/\/termspe.flashphys.fr\/wp-content\/uploads\/2023\/09\/76078f4f7b9620deed7f87491c8ddfe0.pdf\">correction nomenclature.pdf<\/a><\/p>\n","protected":false},"excerpt":{"rendered":"<p>R\u00e9vision : cours de 1\u00e8re synth\u00e8se organique R\u00e9vision ; nomenclature des mol\u00e9cules de base nomenclature base Test sur le cours synth\u00e8se niveau premi\u00e8re cours synth\u00e8se organique new.pdf Cours complet cours strategie en synthese orga.docx Cours rapide TP : Optimisation de la vitesse de formation d&#8217;un produit et du rendement de synth\u00e8se TP synthe\u0300se.docx Exercices de&hellip;<\/p>\n","protected":false},"author":1,"featured_media":0,"parent":0,"menu_order":0,"comment_status":"closed","ping_status":"closed","template":"","meta":{"footnotes":""},"class_list":["post-21","page","type-page","status-publish","hentry"],"_links":{"self":[{"href":"https:\/\/termspe.flashphys.fr\/index.php?rest_route=\/wp\/v2\/pages\/21","targetHints":{"allow":["GET"]}}],"collection":[{"href":"https:\/\/termspe.flashphys.fr\/index.php?rest_route=\/wp\/v2\/pages"}],"about":[{"href":"https:\/\/termspe.flashphys.fr\/index.php?rest_route=\/wp\/v2\/types\/page"}],"author":[{"embeddable":true,"href":"https:\/\/termspe.flashphys.fr\/index.php?rest_route=\/wp\/v2\/users\/1"}],"replies":[{"embeddable":true,"href":"https:\/\/termspe.flashphys.fr\/index.php?rest_route=%2Fwp%2Fv2%2Fcomments&post=21"}],"version-history":[{"count":4,"href":"https:\/\/termspe.flashphys.fr\/index.php?rest_route=\/wp\/v2\/pages\/21\/revisions"}],"predecessor-version":[{"id":736,"href":"https:\/\/termspe.flashphys.fr\/index.php?rest_route=\/wp\/v2\/pages\/21\/revisions\/736"}],"wp:attachment":[{"href":"https:\/\/termspe.flashphys.fr\/index.php?rest_route=%2Fwp%2Fv2%2Fmedia&parent=21"}],"curies":[{"name":"wp","href":"https:\/\/api.w.org\/{rel}","templated":true}]}}