{"id":20,"date":"2023-09-03T15:06:17","date_gmt":"2023-09-03T13:06:17","guid":{"rendered":"https:\/\/termspe.flashphys.fr\/?page_id=20"},"modified":"2025-02-14T13:14:10","modified_gmt":"2025-02-14T12:14:10","slug":"page-612dc78e5634d-html","status":"publish","type":"page","link":"https:\/\/termspe.flashphys.fr\/?page_id=20","title":{"rendered":"Chap 19 : interaction lumi\u00e8re-mati\u00e8re"},"content":{"rendered":"\n<h1 class=\"wp-block-heading\">Cours complet<\/h1>\n\n\n\n<p><a href=\"http:\/\/termspe.flashphys.fr\/wp-content\/uploads\/2023\/09\/3b160808137b18c4dd5808eec2714810.pdf\">16 interaction lumi\u00e8re mati\u00e8re \u00e9l\u00e8ves.pdf<\/a><\/p>\n\n\n\n<p><iframe src=\"\/\/www.youtube.com\/embed\/Rp8doLha-k0?wmode=transparent\"><\/iframe><\/p>\n\n\n\n<h2 class=\"wp-block-heading\">Cours rapide<\/h2>\n\n\n\n<p><iframe src=\"\/\/www.youtube.com\/embed\/noMof-VuZqQ?wmode=transparent\"><\/iframe><\/p>\n\n\n\n<h2 class=\"wp-block-heading\">TP : rendement d&#8217;un panneau solaire photovolta\u00efque<\/h2>\n\n\n\n<p><a href=\"http:\/\/termspe.flashphys.fr\/wp-content\/uploads\/2023\/09\/34b052cabf6e56c109f084632768b154.docx\">Tp rendement panneau solaire.docx<\/a><\/p>\n\n\n\n<p><strong>Si le mat\u00e9riel n&#8217;est pas disponible, on peut faire ce TP avec les valeurs suivantes :<\/strong><\/p>\n\n\n\n<p><a href=\"http:\/\/termspe.flashphys.fr\/wp-content\/uploads\/2023\/09\/5e90af4cc72727f5ad13e67fd1344702.csv\">panneau solaire rendement.csv<\/a><\/p>\n\n\n\n<p><a href=\"http:\/\/termspe.flashphys.fr\/wp-content\/uploads\/2023\/09\/7ab1a0d68f8d2c464f7d654c28c3fba3.docx\">Tp rendement panneau solaire1.docx<\/a><\/p>\n","protected":false},"excerpt":{"rendered":"<p>Cours complet 16 interaction lumi\u00e8re mati\u00e8re \u00e9l\u00e8ves.pdf Cours rapide TP : rendement d&#8217;un panneau solaire photovolta\u00efque Tp rendement panneau solaire.docx Si le mat\u00e9riel n&#8217;est pas disponible, on peut faire ce TP avec les valeurs suivantes : panneau solaire rendement.csv Tp rendement panneau solaire1.docx<\/p>\n","protected":false},"author":1,"featured_media":0,"parent":0,"menu_order":0,"comment_status":"closed","ping_status":"closed","template":"","meta":{"footnotes":""},"class_list":["post-20","page","type-page","status-publish","hentry"],"_links":{"self":[{"href":"https:\/\/termspe.flashphys.fr\/index.php?rest_route=\/wp\/v2\/pages\/20","targetHints":{"allow":["GET"]}}],"collection":[{"href":"https:\/\/termspe.flashphys.fr\/index.php?rest_route=\/wp\/v2\/pages"}],"about":[{"href":"https:\/\/termspe.flashphys.fr\/index.php?rest_route=\/wp\/v2\/types\/page"}],"author":[{"embeddable":true,"href":"https:\/\/termspe.flashphys.fr\/index.php?rest_route=\/wp\/v2\/users\/1"}],"replies":[{"embeddable":true,"href":"https:\/\/termspe.flashphys.fr\/index.php?rest_route=%2Fwp%2Fv2%2Fcomments&post=20"}],"version-history":[{"count":5,"href":"https:\/\/termspe.flashphys.fr\/index.php?rest_route=\/wp\/v2\/pages\/20\/revisions"}],"predecessor-version":[{"id":733,"href":"https:\/\/termspe.flashphys.fr\/index.php?rest_route=\/wp\/v2\/pages\/20\/revisions\/733"}],"wp:attachment":[{"href":"https:\/\/termspe.flashphys.fr\/index.php?rest_route=%2Fwp%2Fv2%2Fmedia&parent=20"}],"curies":[{"name":"wp","href":"https:\/\/api.w.org\/{rel}","templated":true}]}}