{"id":19,"date":"2023-09-03T15:06:17","date_gmt":"2023-09-03T13:06:17","guid":{"rendered":"https:\/\/termspe.flashphys.fr\/?page_id=19"},"modified":"2024-03-30T10:24:54","modified_gmt":"2024-03-30T09:24:54","slug":"page-606eee4e2e707-html","status":"publish","type":"page","link":"https:\/\/termspe.flashphys.fr\/?page_id=19","title":{"rendered":"GRAND ORAL"},"content":{"rendered":"\n<h1 class=\"wp-block-heading\">Qu&#8217;est-ce que le grand oral et comment le pr\u00e9parer ?<\/h1>\n\n\n\n<p><a href=\"https:\/\/view.genial.ly\/5ff1d8b6485b460cf9c77dc0\/presentation-le-grand-oral\">Grand oral<\/a><\/p>\n\n\n\n<h2 class=\"wp-block-heading\">Guide de travail du grand oral \u00e0 compl\u00e9ter au fur et \u00e0 mesure de la pr\u00e9paration<\/h2>\n\n\n\n<p><a href=\"http:\/\/termspe.flashphys.fr\/wp-content\/uploads\/2023\/09\/4d96c573c66bc9eb5f7c6b58f58be093.docx\" target=\"_blank\" rel=\"noreferrer noopener\">Guide de travail.docx<\/a><\/p>\n\n\n\n<p class=\"has-large-font-size\"><strong>Lien vers la page de suivi des probl\u00e9matiques 2024<\/strong><\/p>\n\n\n\n<p><a href=\"https:\/\/docs.google.com\/spreadsheets\/d\/1j-rFCnZLKSF6309KdebsOLhf2_JHKCozAE-tTQ77RaQ\/edit?usp=sharing\">https:\/\/docs.google.com\/spreadsheets\/d\/1j-rFCnZLKSF6309KdebsOLhf2_JHKCozAE-tTQ77RaQ\/edit?usp=sharing<\/a><\/p>\n","protected":false},"excerpt":{"rendered":"<p>Qu&#8217;est-ce que le grand oral et comment le pr\u00e9parer ? Grand oral Guide de travail du grand oral \u00e0 compl\u00e9ter au fur et \u00e0 mesure de la pr\u00e9paration Guide de travail.docx Lien vers la page de suivi des probl\u00e9matiques 2024 https:\/\/docs.google.com\/spreadsheets\/d\/1j-rFCnZLKSF6309KdebsOLhf2_JHKCozAE-tTQ77RaQ\/edit?usp=sharing<\/p>\n","protected":false},"author":1,"featured_media":0,"parent":0,"menu_order":0,"comment_status":"closed","ping_status":"closed","template":"","meta":{"footnotes":""},"class_list":["post-19","page","type-page","status-publish","hentry"],"_links":{"self":[{"href":"https:\/\/termspe.flashphys.fr\/index.php?rest_route=\/wp\/v2\/pages\/19","targetHints":{"allow":["GET"]}}],"collection":[{"href":"https:\/\/termspe.flashphys.fr\/index.php?rest_route=\/wp\/v2\/pages"}],"about":[{"href":"https:\/\/termspe.flashphys.fr\/index.php?rest_route=\/wp\/v2\/types\/page"}],"author":[{"embeddable":true,"href":"https:\/\/termspe.flashphys.fr\/index.php?rest_route=\/wp\/v2\/users\/1"}],"replies":[{"embeddable":true,"href":"https:\/\/termspe.flashphys.fr\/index.php?rest_route=%2Fwp%2Fv2%2Fcomments&post=19"}],"version-history":[{"count":3,"href":"https:\/\/termspe.flashphys.fr\/index.php?rest_route=\/wp\/v2\/pages\/19\/revisions"}],"predecessor-version":[{"id":729,"href":"https:\/\/termspe.flashphys.fr\/index.php?rest_route=\/wp\/v2\/pages\/19\/revisions\/729"}],"wp:attachment":[{"href":"https:\/\/termspe.flashphys.fr\/index.php?rest_route=%2Fwp%2Fv2%2Fmedia&parent=19"}],"curies":[{"name":"wp","href":"https:\/\/api.w.org\/{rel}","templated":true}]}}