{"id":18,"date":"2023-09-03T15:06:16","date_gmt":"2023-09-03T13:06:16","guid":{"rendered":"https:\/\/termspe.flashphys.fr\/?page_id=18"},"modified":"2025-01-15T08:35:09","modified_gmt":"2025-01-15T07:35:09","slug":"page-612dc7653586c-html","status":"publish","type":"page","link":"https:\/\/termspe.flashphys.fr\/?page_id=18","title":{"rendered":"Chap 10 : force des acides et des bases"},"content":{"rendered":"\n<h3 class=\"wp-block-heading\"><strong>Cours complet<\/strong><\/h3>\n\n\n\n<p><iframe src=\"\/\/www.youtube.com\/embed\/rNaF11XiQSI?wmode=transparent\"><\/iframe><\/p>\n\n\n\n<p><a href=\"http:\/\/termspe.flashphys.fr\/wp-content\/uploads\/2023\/09\/b28822270380b61cf34aa1a1a3467873.pdf\">Chapitre 10 force des acides et des bases.pdf<\/a><\/p>\n\n\n\n<p><a href=\"http:\/\/termspe.flashphys.fr\/wp-content\/uploads\/2023\/09\/ef174c51bdf21048be7670201d505d80.pdf\">Chapitre 10 force des acides et des bases.pdf<\/a><\/p>\n\n\n\n<h2 class=\"wp-block-heading\">Cours rapide<\/h2>\n\n\n\n<p><iframe src=\"\/\/www.youtube.com\/embed\/swKCSgcp6_s?wmode=transparent\"><\/iframe><iframe src=\"\/\/www.youtube.com\/embed\/Up1J5rkdgl4?wmode=transparent\"><\/iframe><iframe src=\"\/\/www.youtube.com\/embed\/4ApzgUwEIuE?wmode=transparent\"><\/iframe><\/p>\n\n\n\n<h4 class=\"wp-block-heading\">TP : forces des acides ( acide fort vs acide faible, d\u00e9termination d&#8217;un pKa, diagramme de distribution)<\/h4>\n\n\n\n<p><a href=\"http:\/\/termspe.flashphys.fr\/wp-content\/uploads\/2023\/09\/641a14c4cfac4c7757c446128dc3ca4a.docx\">tp forces des acides \u00e9l\u00e8ves.docx<\/a><\/p>\n\n\n\n<p><a href=\"http:\/\/termspe.flashphys.fr\/wp-content\/uploads\/2023\/09\/145c47cc5aebe5e6b641b9ee16682798.docx\">tp forces des acides new.docx<\/a><\/p>\n\n\n\n<h2 class=\"wp-block-heading\">Soutien<\/h2>\n\n\n\n<p><a href=\"http:\/\/termspe.flashphys.fr\/wp-content\/uploads\/2023\/09\/be0ef839f84886a07e261e85d0a13413.docx\">Soutien chap10.docx<\/a><\/p>\n\n\n\n<h2 class=\"wp-block-heading\">Exercices<\/h2>\n\n\n\n<p><a href=\"http:\/\/termspe.flashphys.fr\/wp-content\/uploads\/2023\/09\/3605e16e8df1c79e3c7e417b3d22c53f.docx\">correction exo force acides.docx<\/a><\/p>\n\n\n\n<h2 class=\"wp-block-heading\">R\u00e9sum\u00e9<\/h2>\n\n\n\n<p><a href=\"http:\/\/termspe.flashphys.fr\/wp-content\/uploads\/2023\/09\/69a3111f76caf0aa26d96995e2824825.pdf\">r\u00e9sum\u00e9 chap 10.pdf<\/a><\/p>\n","protected":false},"excerpt":{"rendered":"<p>Cours complet Chapitre 10 force des acides et des bases.pdf Chapitre 10 force des acides et des bases.pdf Cours rapide TP : forces des acides ( acide fort vs acide faible, d\u00e9termination d&#8217;un pKa, diagramme de distribution) tp forces des acides \u00e9l\u00e8ves.docx tp forces des acides new.docx Soutien Soutien chap10.docx Exercices correction exo force acides.docx&hellip;<\/p>\n","protected":false},"author":1,"featured_media":0,"parent":0,"menu_order":0,"comment_status":"closed","ping_status":"closed","template":"","meta":{"footnotes":""},"class_list":["post-18","page","type-page","status-publish","hentry"],"_links":{"self":[{"href":"https:\/\/termspe.flashphys.fr\/index.php?rest_route=\/wp\/v2\/pages\/18","targetHints":{"allow":["GET"]}}],"collection":[{"href":"https:\/\/termspe.flashphys.fr\/index.php?rest_route=\/wp\/v2\/pages"}],"about":[{"href":"https:\/\/termspe.flashphys.fr\/index.php?rest_route=\/wp\/v2\/types\/page"}],"author":[{"embeddable":true,"href":"https:\/\/termspe.flashphys.fr\/index.php?rest_route=\/wp\/v2\/users\/1"}],"replies":[{"embeddable":true,"href":"https:\/\/termspe.flashphys.fr\/index.php?rest_route=%2Fwp%2Fv2%2Fcomments&post=18"}],"version-history":[{"count":3,"href":"https:\/\/termspe.flashphys.fr\/index.php?rest_route=\/wp\/v2\/pages\/18\/revisions"}],"predecessor-version":[{"id":711,"href":"https:\/\/termspe.flashphys.fr\/index.php?rest_route=\/wp\/v2\/pages\/18\/revisions\/711"}],"wp:attachment":[{"href":"https:\/\/termspe.flashphys.fr\/index.php?rest_route=%2Fwp%2Fv2%2Fmedia&parent=18"}],"curies":[{"name":"wp","href":"https:\/\/api.w.org\/{rel}","templated":true}]}}