{"id":17,"date":"2023-09-03T15:06:13","date_gmt":"2023-09-03T13:06:13","guid":{"rendered":"https:\/\/termspe.flashphys.fr\/?page_id=17"},"modified":"2024-09-07T11:11:24","modified_gmt":"2024-09-07T09:11:24","slug":"page-5f093f9db2bb0-html","status":"publish","type":"page","link":"https:\/\/termspe.flashphys.fr\/?page_id=17","title":{"rendered":"Chapitre 2 : m\u00e9thodes physiques d&#8217;analyse chimique"},"content":{"rendered":"\n<h2 class=\"wp-block-heading\"><span>Feuille de route<\/span><\/h2>\n\n\n\n<p><a href=\"http:\/\/termspe.flashphys.fr\/wp-content\/uploads\/2023\/09\/d57c50cbc5163add65d5939d8476df1d.pdf\">feuille routechap 2 term.pdf<\/a><\/p>\n\n\n\n<h2 class=\"wp-block-heading\">Cours complet :<\/h2>\n\n\n\n<p><iframe src=\"\/\/www.youtube.com\/embed\/qmLoNvCkWeg?wmode=transparent\"><\/iframe><\/p>\n\n\n\n<p><a href=\"https:\/\/termspe.flashphys.fr\/wp-content\/uploads\/2023\/09\/2-cours-methode-physique-analyse-chimique-1-1.pdf\">cours-methode-physique-analyse-chimique-1.pdf<\/a><\/p>\n\n\n\n<p class=\"has-medium-font-size\"><strong>Fiche de m\u00e9morisation<\/strong><\/p>\n\n\n\n<div class=\"wp-block-file\"><a id=\"wp-block-file--media-7cb3e80b-b3a1-4243-a6c5-49ae52fd01cd\" href=\"https:\/\/termspe.flashphys.fr\/wp-content\/uploads\/2023\/09\/fiche-memorisation-chap-2.docx\">fiche-memorisation-chap-2<\/a><a href=\"https:\/\/termspe.flashphys.fr\/wp-content\/uploads\/2023\/09\/fiche-memorisation-chap-2.docx\" class=\"wp-block-file__button wp-element-button\" download aria-describedby=\"wp-block-file--media-7cb3e80b-b3a1-4243-a6c5-49ae52fd01cd\">T\u00e9l\u00e9charger<\/a><\/div>\n\n\n\n<div class=\"wp-block-file\"><a id=\"wp-block-file--media-b7681298-24ab-4593-8b68-3608c0dfb235\" href=\"https:\/\/termspe.flashphys.fr\/wp-content\/uploads\/2023\/10\/fiche-memorisation-chap-2-correction.docx\">fiche-memorisation-chap-2-correction<\/a><a href=\"https:\/\/termspe.flashphys.fr\/wp-content\/uploads\/2023\/10\/fiche-memorisation-chap-2-correction.docx\" class=\"wp-block-file__button wp-element-button\" download aria-describedby=\"wp-block-file--media-b7681298-24ab-4593-8b68-3608c0dfb235\">T\u00e9l\u00e9charger<\/a><\/div>\n\n\n\n<h2 class=\"wp-block-heading\"><span>Exercices 1ere sur les spectres IR<\/span><\/h2>\n\n\n\n<p><a href=\"http:\/\/termspe.flashphys.fr\/wp-content\/uploads\/2023\/09\/16e6d0f638cc997ee29eefc3cbfbdb46.pdf\">Exercices sur les spectres IR.pdf<\/a><\/p>\n\n\n\n<p><iframe src=\"\/\/www.youtube.com\/embed\/tpQUankKUGY?wmode=transparent\"><\/iframe><iframe src=\"\/\/www.youtube.com\/embed\/iMKMI8dNBz8?wmode=transparent\"><\/iframe><iframe src=\"\/\/www.youtube.com\/embed\/UvAgPbd8ITg?wmode=transparent\"><\/iframe><iframe src=\"\/\/www.youtube.com\/embed\/x3pYTEb5y1g?wmode=transparent\"><\/iframe><\/p>\n\n\n\n<h2 class=\"wp-block-heading\"><span>Exercices du chapitre 2<\/span><\/h2>\n\n\n\n<p><a href=\"http:\/\/termspe.flashphys.fr\/wp-content\/uploads\/2023\/09\/8fcfe9f576ad72672db68ba95013cd39.docx\">exo methode phys2022.docx<\/a><\/p>\n\n\n\n<p><a href=\"http:\/\/termspe.flashphys.fr\/wp-content\/uploads\/2023\/09\/f37753742e5740da7356ec2fe4625adf.docx\">correction exo chap 2.docx<\/a><\/p>\n\n\n\n<p><a href=\"http:\/\/termspe.flashphys.fr\/wp-content\/uploads\/2023\/09\/b0489b1624a5ab9336306116c43b72ab.docx\">exos 2022 prepa sol + spectro.docx<\/a><\/p>\n\n\n\n<p><a href=\"http:\/\/termspe.flashphys.fr\/wp-content\/uploads\/2023\/09\/b9a6a56c25567cf093959f7b0b71b7b6.docx\">correction exo prepa sol absorb.docx<\/a><\/p>\n\n\n\n<p><a href=\"http:\/\/termspe.flashphys.fr\/wp-content\/uploads\/2023\/09\/0b9df9e87fc1bd94c05c49db470c934c.docx\">exo 2022 prepa ds.docx<\/a><\/p>\n\n\n\n<h2 class=\"wp-block-heading\">Cours rapide<\/h2>\n\n\n\n<p><iframe src=\"\/\/www.youtube.com\/embed\/L2NX4WlWfAg?wmode=transparent\"><\/iframe><iframe src=\"\/\/www.youtube.com\/embed\/eqzYciwGHnM?wmode=transparent\"><\/iframe><\/p>\n\n\n\n<h2 class=\"wp-block-heading\"><span>TP : dosage spectrophotom\u00e9trique du DAKIN<\/span><\/h2>\n\n\n\n<p><a href=\"http:\/\/termspe.flashphys.fr\/wp-content\/uploads\/2023\/09\/0f5faf5bca9f863a0b9c9dcef0d42ace.docx\">tp dosage etalonnage spectro dakin.docx<\/a><\/p>\n\n\n\n<h2 class=\"wp-block-heading\"><span>TP : dosage par \u00e9talonnage conductim\u00e9trie du s\u00e9rum physiologique<\/span><\/h2>\n\n\n\n<p><a href=\"http:\/\/termspe.flashphys.fr\/wp-content\/uploads\/2023\/09\/48b5e0699cddcb687dd25d9cab357b7e.docx\">tp dosage serum phy.docx<\/a><\/p>\n\n\n\n<p><a href=\"http:\/\/termspe.flashphys.fr\/wp-content\/uploads\/2023\/09\/ba88006a89616a5cf3f8e682dd3b02fe.odt\">tp dosage serum phy.odt<\/a><\/p>\n\n\n\n<h2 class=\"wp-block-heading\">Avec la m\u00e9thode Monte Carlo<\/h2>\n\n\n\n<p><a href=\"http:\/\/termspe.flashphys.fr\/wp-content\/uploads\/2023\/09\/f9d0e087bac36e0db472003a3bb3a5c4.docx\">tp_dosage_par_etalonnage \u00e9l\u00e8ves.docx<\/a><\/p>\n\n\n\n<h2 class=\"wp-block-heading\"><span>Activit\u00e9 : spectroscopie IR<\/span><\/h2>\n\n\n\n<p><a href=\"http:\/\/termspe.flashphys.fr\/wp-content\/uploads\/2023\/09\/54533f3d0cd83de6bca7afc0130f3083.doc\">spectroscopie IR.doc<\/a><\/p>\n\n\n\n<p><a href=\"http:\/\/termspe.flashphys.fr\/wp-content\/uploads\/2023\/09\/31a5266ddec93d491046fd6c0450a8fd.doc\">scpectroscopie IR correction-1.doc<\/a><\/p>\n\n\n\n<h2 class=\"wp-block-heading\">Simulateur pour s&#8217;entrainer sur les spectres IR<\/h2>\n\n\n\n<p><a href=\"http:\/\/chimie.ostralo.net\/spectreIR\/\">animation spectre IR<\/a><\/p>\n\n\n\n<h2 class=\"wp-block-heading\"><span>R\u00e9sum\u00e9 du chapitre&nbsp;<\/span><\/h2>\n\n\n\n<p><a href=\"http:\/\/termspe.flashphys.fr\/wp-content\/uploads\/2023\/09\/e48152480f0aaf435ef11ead7d1c8726.pdf\">2 r\u00e9sum\u00e9.pdf<\/a><\/p>\n\n\n\n<h2 class=\"wp-block-heading\"><span>Se tester :<\/span><\/h2>\n\n\n\n<p><a href=\"https:\/\/forms.gle\/c9Vy49S9yh9ZDtQr9\">test<\/a><\/p>\n","protected":false},"excerpt":{"rendered":"<p>Feuille de route feuille routechap 2 term.pdf Cours complet : cours-methode-physique-analyse-chimique-1.pdf Fiche de m\u00e9morisation Exercices 1ere sur les spectres IR Exercices sur les spectres IR.pdf Exercices du chapitre 2 exo methode phys2022.docx correction exo chap 2.docx exos 2022 prepa sol + spectro.docx correction exo prepa sol absorb.docx exo 2022 prepa ds.docx Cours rapide TP :&hellip;<\/p>\n","protected":false},"author":1,"featured_media":0,"parent":0,"menu_order":0,"comment_status":"closed","ping_status":"closed","template":"","meta":{"footnotes":""},"class_list":["post-17","page","type-page","status-publish","hentry"],"_links":{"self":[{"href":"https:\/\/termspe.flashphys.fr\/index.php?rest_route=\/wp\/v2\/pages\/17","targetHints":{"allow":["GET"]}}],"collection":[{"href":"https:\/\/termspe.flashphys.fr\/index.php?rest_route=\/wp\/v2\/pages"}],"about":[{"href":"https:\/\/termspe.flashphys.fr\/index.php?rest_route=\/wp\/v2\/types\/page"}],"author":[{"embeddable":true,"href":"https:\/\/termspe.flashphys.fr\/index.php?rest_route=\/wp\/v2\/users\/1"}],"replies":[{"embeddable":true,"href":"https:\/\/termspe.flashphys.fr\/index.php?rest_route=%2Fwp%2Fv2%2Fcomments&post=17"}],"version-history":[{"count":7,"href":"https:\/\/termspe.flashphys.fr\/index.php?rest_route=\/wp\/v2\/pages\/17\/revisions"}],"predecessor-version":[{"id":767,"href":"https:\/\/termspe.flashphys.fr\/index.php?rest_route=\/wp\/v2\/pages\/17\/revisions\/767"}],"wp:attachment":[{"href":"https:\/\/termspe.flashphys.fr\/index.php?rest_route=%2Fwp%2Fv2%2Fmedia&parent=17"}],"curies":[{"name":"wp","href":"https:\/\/api.w.org\/{rel}","templated":true}]}}