{"id":15,"date":"2023-09-03T15:06:13","date_gmt":"2023-09-03T13:06:13","guid":{"rendered":"https:\/\/termspe.flashphys.fr\/?page_id=15"},"modified":"2023-09-03T20:50:29","modified_gmt":"2023-09-03T18:50:29","slug":"page-5f093f95a649f-html","status":"publish","type":"page","link":"https:\/\/termspe.flashphys.fr\/?page_id=15","title":{"rendered":"Logiciels \u00e0\u00a0t\u00e9l\u00e9charger et proc\u00e9dures"},"content":{"rendered":"\n<h1 class=\"wp-block-heading\">Pour d\u00e9compresser les fichiers WINRAR<\/h1>\n\n\n\n<p><a href=\"https:\/\/www.win-rar.com\/predownload.html?&amp;L=10\">https:\/\/www.win-rar.com\/predownload.html?&amp;L=10<\/a><\/p>\n\n\n\n<h2 class=\"wp-block-heading\">Edupython<\/h2>\n\n\n\n<p><a href=\"https:\/\/edupython.tuxfamily.org\/\">https:\/\/edupython.tuxfamily.org\/<\/a><\/p>\n\n\n\n<h2 class=\"wp-block-heading\"><strong>R\u00e9gressi (tableur)<\/strong><\/h2>\n\n\n\n<p><strong><a href=\"http:\/\/regressi.fr\/WordPress\/download\/\">http:\/\/regressi.fr\/WordPress\/download\/<\/a><\/strong><\/p>\n\n\n\n<p><a href=\"http:\/\/termspe.flashphys.fr\/wp-content\/uploads\/2023\/09\/f2c6d037784bdaa7ca031965586d5614d.zip\">regressi.zip<\/a><\/p>\n\n\n\n<h2 class=\"wp-block-heading\"><strong>Avim\u00e9ca (pointage de vid\u00e9os : chronophotographie)<\/strong><\/h2>\n\n\n\n<p><a href=\"http:\/\/termspe.flashphys.fr\/wp-content\/uploads\/2023\/09\/a7012b2babed39988e00ce080469020d.zip\">avimeca3.zip<\/a><\/p>\n\n\n\n<h2 class=\"wp-block-heading\">Les Codecs \u00e0 installer pour utiliser avim\u00e9ca (indispensable)<\/h2>\n\n\n\n<p><a href=\"http:\/\/termspe.flashphys.fr\/wp-content\/uploads\/2023\/09\/sld.codec_.pack_.2.2.zip\">codecs avimeca.rar<\/a><\/p>\n\n\n\n<h2 class=\"wp-block-heading\">Utiliser la fonction \u00e9criture manuscrite sous word&nbsp;<\/h2>\n\n\n\n<p><a href=\"http:\/\/termspe.flashphys.fr\/wp-content\/uploads\/2023\/09\/a7989ce3deb2a4ed14b546219de23ddf.pdf\">SAISIE-MANUSCRITE WORD.pdf<\/a><\/p>\n\n\n\n<h2 class=\"wp-block-heading\">Faire une mod\u00e9lisation (r\u00e9gression lin\u00e9aire) avec la calculatrice Ti 93 premium Ce<\/h2>\n\n\n\n<p><a href=\"http:\/\/termspe.flashphys.fr\/wp-content\/uploads\/2023\/09\/01d07e005f9dacd4563cebbfe9b8adcb.pdf\">REGRESSION LINEAIRE AVEC CALCULATRICE.pdf<\/a><\/p>\n\n\n\n<p><iframe src=\"\/\/www.youtube.com\/embed\/uzMAL7uPE44?wmode=transparent\"><\/iframe><\/p>\n\n\n\n<h2 class=\"wp-block-heading\">Activer le pack office<\/h2>\n\n\n\n<p><a href=\"http:\/\/termspe.flashphys.fr\/wp-content\/uploads\/2023\/09\/94be01e1c4616235b57aee0d742fa147.pdf\">Activer Office Grand Est v1.3[4280].pdf<\/a><\/p>\n\n\n\n<h2 class=\"wp-block-heading\">Capture d&#8217;\u00e9cran rapide : lightshot<\/h2>\n\n\n\n<p>Logiciel pour faire des copier\/coller de votre \u00e9cran en appuyant sur la touche &#8220;impr \u00e9cran&#8221;<\/p>\n\n\n\n<p><a href=\"https:\/\/lightshot.fr.uptodown.com\/windows\">lightshot<\/a><\/p>\n","protected":false},"excerpt":{"rendered":"<p>Pour d\u00e9compresser les fichiers WINRAR https:\/\/www.win-rar.com\/predownload.html?&amp;L=10 Edupython https:\/\/edupython.tuxfamily.org\/ R\u00e9gressi (tableur) http:\/\/regressi.fr\/WordPress\/download\/ regressi.zip Avim\u00e9ca (pointage de vid\u00e9os : chronophotographie) avimeca3.zip Les Codecs \u00e0 installer pour utiliser avim\u00e9ca (indispensable) codecs avimeca.rar Utiliser la fonction \u00e9criture manuscrite sous word&nbsp; SAISIE-MANUSCRITE WORD.pdf Faire une mod\u00e9lisation (r\u00e9gression lin\u00e9aire) avec la calculatrice Ti 93 premium Ce REGRESSION LINEAIRE AVEC CALCULATRICE.pdf Activer&hellip;<\/p>\n","protected":false},"author":1,"featured_media":0,"parent":0,"menu_order":0,"comment_status":"closed","ping_status":"closed","template":"","meta":{"footnotes":""},"class_list":["post-15","page","type-page","status-publish","hentry"],"_links":{"self":[{"href":"https:\/\/termspe.flashphys.fr\/index.php?rest_route=\/wp\/v2\/pages\/15","targetHints":{"allow":["GET"]}}],"collection":[{"href":"https:\/\/termspe.flashphys.fr\/index.php?rest_route=\/wp\/v2\/pages"}],"about":[{"href":"https:\/\/termspe.flashphys.fr\/index.php?rest_route=\/wp\/v2\/types\/page"}],"author":[{"embeddable":true,"href":"https:\/\/termspe.flashphys.fr\/index.php?rest_route=\/wp\/v2\/users\/1"}],"replies":[{"embeddable":true,"href":"https:\/\/termspe.flashphys.fr\/index.php?rest_route=%2Fwp%2Fv2%2Fcomments&post=15"}],"version-history":[{"count":3,"href":"https:\/\/termspe.flashphys.fr\/index.php?rest_route=\/wp\/v2\/pages\/15\/revisions"}],"predecessor-version":[{"id":491,"href":"https:\/\/termspe.flashphys.fr\/index.php?rest_route=\/wp\/v2\/pages\/15\/revisions\/491"}],"wp:attachment":[{"href":"https:\/\/termspe.flashphys.fr\/index.php?rest_route=%2Fwp%2Fv2%2Fmedia&parent=15"}],"curies":[{"name":"wp","href":"https:\/\/api.w.org\/{rel}","templated":true}]}}