{"id":14,"date":"2023-09-03T15:06:13","date_gmt":"2023-09-03T13:06:13","guid":{"rendered":"https:\/\/termspe.flashphys.fr\/?page_id=14"},"modified":"2023-12-11T07:03:18","modified_gmt":"2023-12-11T06:03:18","slug":"accueil","status":"publish","type":"page","link":"https:\/\/termspe.flashphys.fr\/?page_id=14","title":{"rendered":"Accueil"},"content":{"rendered":"\n<h3 class=\"wp-block-heading\">Bienvenue sur le site des \u00e9l\u00e8ves des classes de Terminale Sp\u00e9cialit\u00e9 Physique Chimie de M. Szollosi.<\/h3>\n\n\n\n<p><strong>Sur ce site, vous trouverez tous les documents n\u00e9cessaires pour d\u00e9couvrir chaque chapitre du programme. Le manuel utilis\u00e9 est le suivant :<\/strong><\/p>\n\n\n<div class=\"wp-block-image\">\n<figure class=\"aligncenter size-full\"><img loading=\"lazy\" decoding=\"async\" width=\"378\" height=\"541\" src=\"https:\/\/termspe.flashphys.fr\/wp-content\/uploads\/2023\/09\/hatier-term.png\" alt=\"\" class=\"wp-image-534\" srcset=\"https:\/\/termspe.flashphys.fr\/wp-content\/uploads\/2023\/09\/hatier-term.png 378w, https:\/\/termspe.flashphys.fr\/wp-content\/uploads\/2023\/09\/hatier-term-210x300.png 210w\" sizes=\"auto, (max-width: 378px) 100vw, 378px\" \/><\/figure>\n<\/div>\n\n\n<h3 class=\"wp-block-heading\"><strong>Et surtout ne vous d\u00e9couragez pas, le professeur est l\u00e0 pour vous aider \u00e0 tout moment !<\/strong><\/h3>\n\n\n\n<h3 class=\"wp-block-heading\"><strong>Bon courage et bonne ann\u00e9e scolaire !!!<\/strong><\/h3>\n\n\n\n<h2 class=\"wp-block-heading has-text-align-center\"><\/h2>\n\n\n\n<figure class=\"wp-block-image size-large\"><img loading=\"lazy\" decoding=\"async\" width=\"1024\" height=\"317\" src=\"https:\/\/termspe.flashphys.fr\/wp-content\/uploads\/2023\/09\/tableau_periodique_en_32_colonnes-1024x317.png\" alt=\"\" class=\"wp-image-533\" srcset=\"https:\/\/termspe.flashphys.fr\/wp-content\/uploads\/2023\/09\/tableau_periodique_en_32_colonnes-1024x317.png 1024w, https:\/\/termspe.flashphys.fr\/wp-content\/uploads\/2023\/09\/tableau_periodique_en_32_colonnes-300x93.png 300w, https:\/\/termspe.flashphys.fr\/wp-content\/uploads\/2023\/09\/tableau_periodique_en_32_colonnes-768x238.png 768w, https:\/\/termspe.flashphys.fr\/wp-content\/uploads\/2023\/09\/tableau_periodique_en_32_colonnes-1536x475.png 1536w, https:\/\/termspe.flashphys.fr\/wp-content\/uploads\/2023\/09\/tableau_periodique_en_32_colonnes-2048x633.png 2048w\" sizes=\"auto, (max-width: 1024px) 100vw, 1024px\" \/><\/figure>\n\n\n\n<div class=\"wp-block-file\"><a id=\"wp-block-file--media-bb89f469-b0e6-4e3e-9549-b8bdcc48a8f8\" href=\"https:\/\/termspe.flashphys.fr\/wp-content\/uploads\/2023\/09\/tableau-periodique.pdf\">tableau-periodique<\/a><a href=\"https:\/\/termspe.flashphys.fr\/wp-content\/uploads\/2023\/09\/tableau-periodique.pdf\" class=\"wp-block-file__button wp-element-button\" download aria-describedby=\"wp-block-file--media-bb89f469-b0e6-4e3e-9549-b8bdcc48a8f8\">T\u00e9l\u00e9charger<\/a><\/div>\n\n\n\n<p class=\"has-medium-font-size\"><strong>Programme officiel de la sp\u00e9cialit\u00e9 physique chimie<\/strong><\/p>\n\n\n\n<div class=\"wp-block-file\"><a id=\"wp-block-file--media-af4fa46b-67b0-48c4-a2a7-e3630aae4175\" href=\"https:\/\/termspe.flashphys.fr\/wp-content\/uploads\/2023\/09\/progamme-term-spe.pdf\">progamme-term-spe<\/a><a href=\"https:\/\/termspe.flashphys.fr\/wp-content\/uploads\/2023\/09\/progamme-term-spe.pdf\" class=\"wp-block-file__button wp-element-button\" download aria-describedby=\"wp-block-file--media-af4fa46b-67b0-48c4-a2a7-e3630aae4175\">T\u00e9l\u00e9charger<\/a><\/div>\n\n\n\n<p>Planning TP et progression<\/p>\n\n\n\n<div class=\"wp-block-file\"><a id=\"wp-block-file--media-b4505bd7-455b-40db-92a1-f311eaeb3045\" href=\"https:\/\/termspe.flashphys.fr\/wp-content\/uploads\/2023\/12\/TP-Terminales-2324.pdf\">TP-Terminales-2324<\/a><\/div>\n","protected":false},"excerpt":{"rendered":"<p>Bienvenue sur le site des \u00e9l\u00e8ves des classes de Terminale Sp\u00e9cialit\u00e9 Physique Chimie de M. Szollosi. Sur ce site, vous trouverez tous les documents n\u00e9cessaires pour d\u00e9couvrir chaque chapitre du programme. Le manuel utilis\u00e9 est le suivant : Et surtout ne vous d\u00e9couragez pas, le professeur est l\u00e0 pour vous aider \u00e0 tout moment !&hellip;<\/p>\n","protected":false},"author":1,"featured_media":0,"parent":0,"menu_order":0,"comment_status":"closed","ping_status":"closed","template":"","meta":{"footnotes":""},"class_list":["post-14","page","type-page","status-publish","hentry"],"_links":{"self":[{"href":"https:\/\/termspe.flashphys.fr\/index.php?rest_route=\/wp\/v2\/pages\/14","targetHints":{"allow":["GET"]}}],"collection":[{"href":"https:\/\/termspe.flashphys.fr\/index.php?rest_route=\/wp\/v2\/pages"}],"about":[{"href":"https:\/\/termspe.flashphys.fr\/index.php?rest_route=\/wp\/v2\/types\/page"}],"author":[{"embeddable":true,"href":"https:\/\/termspe.flashphys.fr\/index.php?rest_route=\/wp\/v2\/users\/1"}],"replies":[{"embeddable":true,"href":"https:\/\/termspe.flashphys.fr\/index.php?rest_route=%2Fwp%2Fv2%2Fcomments&post=14"}],"version-history":[{"count":5,"href":"https:\/\/termspe.flashphys.fr\/index.php?rest_route=\/wp\/v2\/pages\/14\/revisions"}],"predecessor-version":[{"id":721,"href":"https:\/\/termspe.flashphys.fr\/index.php?rest_route=\/wp\/v2\/pages\/14\/revisions\/721"}],"wp:attachment":[{"href":"https:\/\/termspe.flashphys.fr\/index.php?rest_route=%2Fwp%2Fv2%2Fmedia&parent=14"}],"curies":[{"name":"wp","href":"https:\/\/api.w.org\/{rel}","templated":true}]}}